{"id":2539,"date":"2017-11-07T16:15:05","date_gmt":"2017-11-07T16:15:05","guid":{"rendered":"http:\/\/www.mainstageconsulting.com\/?page_id=2539"},"modified":"2018-10-06T13:11:52","modified_gmt":"2018-10-06T13:11:52","slug":"agb","status":"publish","type":"page","link":"https:\/\/mainstageconsulting.com\/de\/agb\/","title":{"rendered":"AGB"},"content":{"rendered":"<section id=\"bt_section69d0e15a59634\"  class=\"boldSection topSpaced bottomSemiSpaced btLightSkin gutter inherit\" ><div class=\"port\"><div class=\"boldCell\"><div class=\"boldCellInner\"><div class=\"boldRow \" ><div class=\"boldRowInner\"><div class=\"rowItem col-md-12 col-ms-12  btTextLeft animate animate-fadein inherit\"  data-width=\"12\"><div class=\"rowItemContent\" ><div class=\"btText\" ><\/p>\n<ol>\n<li>Allgemeine Grundlagen \/ Geltungsbereich<\/li>\n<\/ol>\n<p>1.1\u00a0\u00a0\u00a0\u00a0\u00a0\u00a0 F\u00fcr s\u00e4mtliche Rechtsgesch\u00e4fte zwischen dem Auftraggeber und dem Auftragnehmer (Unternehmensberater) gelten ausschlie\u00dflich diese Allgemeinen Gesch\u00e4ftsbedingungen. Ma\u00dfgeblich ist jeweils die zum Zeitpunkt des Vertragsabschlusses g\u00fcltige Fassung.<\/p>\n<p>1.2\u00a0\u00a0\u00a0\u00a0\u00a0\u00a0 Diese Allgemeinen Gesch\u00e4ftsbedingungen gelten auch f\u00fcr alle k\u00fcnftigen Vertragsbeziehungen, somit auch dann, wenn bei Zusatzvertr\u00e4gen darauf nicht ausdr\u00fccklich hingewiesen wird.<\/p>\n<p>1.3\u00a0\u00a0\u00a0\u00a0\u00a0\u00a0 Entgegenstehende Allgemeine Gesch\u00e4ftsbedingungen des Auftraggebers sind ung\u00fcltig, es sei denn, diese werden vom Auftragnehmer (Unternehmensberater) ausdr\u00fccklich schriftlich anerkannt.<\/p>\n<p>1.4\u00a0\u00a0\u00a0\u00a0\u00a0\u00a0 F\u00fcr den Fall, dass einzelne Bestimmungen dieser Allgemeinen Gesch\u00e4ftsbedingungen unwirksam sein und\/oder werden sollten, ber\u00fchrt dies die Wirksamkeit der verbleibenden Bestimmungen und der unter ihrer Zugrundelegung geschlossenen Vertr\u00e4ge nicht. Die unwirksame ist durch eine wirksame Bestimmung, die ihr dem Sinn und wirtschaftlichen Zweck nach am n\u00e4chsten kommt, zu ersetzen.<\/p>\n<ol start=\"2\">\n<li>Umfang des Beratungsauftrages \/ Stellvertretung<\/li>\n<\/ol>\n<p>2.1\u00a0\u00a0\u00a0\u00a0\u00a0\u00a0 Der Umfang eines konkreten Beratungsauftrages wird im Einzelfall vertraglich vereinbart.<\/p>\n<p>2.2\u00a0\u00a0\u00a0\u00a0\u00a0\u00a0 Der Auftragnehmer (Unternehmensberater) ist berechtigt, die ihm obliegenden Aufgaben ganz oder teilweise durch Dritte erbringen zu lassen. Die Bezahlung des Dritten erfolgt ausschlie\u00dflich durch den Auftragnehmer (Unternehmensberater) selbst. Es entsteht kein wie immer geartetes direktes Vertragsverh\u00e4ltnis zwischen dem Dritten und dem Auftraggeber.<\/p>\n<p>2.3\u00a0\u00a0\u00a0\u00a0\u00a0\u00a0 Der Auftraggeber verpflichtet sich, w\u00e4hrend sowie bis zum Ablauf von drei Jahren nach Beendigung dieses Vertragsverh\u00e4ltnisses keine wie immer geartete Gesch\u00e4ftsbeziehung zu Personen oder Gesellschaften einzugehen, deren sich der Auftragnehmer (Unternehmensberater) zur Erf\u00fcllung seiner vertraglichen Pflichten bedient. Der Auftraggeber wird diese Personen und Gesellschaften insbesondere nicht mit solchen oder \u00e4hnlichen Beratungsleistungen beauftragen, die auch der Auftragnehmer (Unternehmensberater) anbietet.<\/p>\n<ol start=\"3\">\n<li>Aufkl\u00e4rungspflicht des Auftraggebers \/ Vollst\u00e4ndigkeitserkl\u00e4rung<\/li>\n<\/ol>\n<p>3.1\u00a0\u00a0\u00a0\u00a0\u00a0\u00a0 Der Auftraggeber sorgt daf\u00fcr, dass die organisatorischen Rahmenbedingungen bei Erf\u00fcllung des Beratungsauftrages an seinem Gesch\u00e4ftssitz ein m\u00f6glichst ungest\u00f6rtes, dem raschen Fortgang des Beratungsprozesses f\u00f6rderliches Arbeiten erlauben.<\/p>\n<p>3.2\u00a0\u00a0\u00a0\u00a0\u00a0\u00a0 Der Auftraggeber wird den Auftragnehmer (Unternehmensberater) auch \u00fcber vorher durchgef\u00fchrte und\/oder laufende Beratungen \u2013 auch auf anderen Fachgebieten \u2013 umfassend informieren.<\/p>\n<p>3.3\u00a0\u00a0\u00a0\u00a0\u00a0\u00a0 Der Auftraggeber sorgt daf\u00fcr, dass dem Auftragnehmer (Unternehmensberater) auch ohne dessen besondere Aufforderung alle f\u00fcr die Erf\u00fcllung und Ausf\u00fchrung des Beratungsauftrages notwendigen Unterlagen zeitgerecht vorgelegt werden und ihm von allen Vorg\u00e4ngen und Umst\u00e4nden Kenntnis gegeben wird, die f\u00fcr die Ausf\u00fchrung des Beratungsauftrages von Bedeutung sind. Dies gilt auch f\u00fcr alle Unterlagen, Vorg\u00e4nge und Umst\u00e4nde, die erst w\u00e4hrend der T\u00e4tigkeit des Beraters bekannt werden.<\/p>\n<p>3.4\u00a0\u00a0\u00a0\u00a0\u00a0\u00a0 Der Auftraggeber sorgt daf\u00fcr, dass seine Mitarbeiter und die gesetzlich vorgesehene und gegebenenfalls eingerichtete Arbeitnehmervertretung (Betriebsrat) bereits vor Beginn der T\u00e4tigkeit des Auftragnehmers (Unternehmensberaters) von dieser informiert werden.<\/p>\n<ol start=\"4\">\n<li>Sicherung der Unabh\u00e4ngigkeit<\/li>\n<\/ol>\n<p>4.1\u00a0\u00a0\u00a0\u00a0\u00a0\u00a0 Die Vertragspartner verpflichten sich zur gegenseitigen Loyalit\u00e4t.<\/p>\n<p>4.2\u00a0\u00a0\u00a0\u00a0\u00a0\u00a0 Die Vertragspartner verpflichten sich gegenseitig, alle Vorkehrungen zu treffen, die geeignet sind, die Gef\u00e4hrdung der Unabh\u00e4ngigkeit der beauftragten Dritten und Mitarbeiter des Auftragnehmers (Unternehmensberaters) zu verhindern. Dies gilt insbesondere f\u00fcr Angebote des Auftraggebers auf Anstellung bzw. der \u00dcbernahme von Auftr\u00e4gen auf eigene Rechnung.<\/p>\n<ol start=\"5\">\n<li>Berichterstattung \/ Berichtspflicht<\/li>\n<\/ol>\n<p>5.1\u00a0\u00a0\u00a0\u00a0\u00a0\u00a0 Der Auftragnehmer (Unternehmensberater) verpflichtet sich, \u00fcber seine Arbeit, die seiner Mitarbeiter und gegebenenfalls auch die beauftragter Dritter dem Arbeitsfortschritt entsprechend dem Auftraggeber Bericht zu erstatten.<\/p>\n<p>5.2\u00a0\u00a0\u00a0\u00a0\u00a0\u00a0 Den Schlussbericht erh\u00e4lt der Auftraggeber in angemessener Zeit, d.h. zwei bis vier\u00a0Wochen, je nach Art des Beratungsauftrages nach Abschluss des Auftrages.<\/p>\n<p>5.3\u00a0\u00a0\u00a0\u00a0\u00a0\u00a0 Der Auftragnehmer (Unternehmensberater) ist bei der Herstellung des vereinbarten Werkes weisungsfrei, handelt nach eigenem Gutd\u00fcnken und in eigener Verantwortung. Er ist an keinen bestimmten Arbeitsort und keine bestimmte Arbeitszeit gebunden.<\/p>\n<ol start=\"6\">\n<li>Schutz des geistigen Eigentums<\/li>\n<\/ol>\n<p>6.1\u00a0\u00a0\u00a0\u00a0\u00a0\u00a0 Die Urheberrechte an den vom Auftragnehmer (Unternehmensberater) und seinen Mitarbeitern und beauftragten Dritten geschaffenen Werke (insbesondere Anbote, Berichte, Analysen, Gutachten, Organisationspl\u00e4ne, Programme, Leistungsbeschreibungen, Entw\u00fcrfe, Berechnungen, Zeichnungen, Datentr\u00e4ger etc.) verbleiben beim Auftragnehmer\u00a0 (Unternehmensberater). Sie d\u00fcrfen vom Auftraggeber w\u00e4hrend und nach Beendigung des Vertragsverh\u00e4ltnisses ausschlie\u00dflich f\u00fcr vom Vertrag umfasste Zwecke verwendet werden. Der Auftraggeber ist insofern nicht berechtigt, das Werk (die Werke) ohne ausdr\u00fcckliche Zustimmung des Auftragnehmers (Unternehmensberaters) zu vervielf\u00e4ltigen und\/oder zu verbreiten. Keinesfalls entsteht durch eine unberechtigte Vervielf\u00e4ltigung\/Verbreitung des Werkes eine Haftung des Auftragnehmers (Unternehmensberaters) \u2013 insbesondere etwa f\u00fcr die Richtigkeit des Werkes \u2013 gegen\u00fcber Dritten.<\/p>\n<p>6.2\u00a0\u00a0\u00a0\u00a0\u00a0\u00a0 Der Versto\u00df des Auftraggebers gegen diese Bestimmungen berechtigt den Auftragnehmer (Unternehmensberater) zur sofortigen vorzeitigen Beendigung des Vertragsverh\u00e4ltnisses und zur Geltendmachung anderer gesetzlicher Anspr\u00fcche, insbesondere auf Unterlassung und\/oder Schadenersatz.<\/p>\n<ol start=\"7\">\n<li>Gew\u00e4hrleistung<\/li>\n<\/ol>\n<p>7.1\u00a0\u00a0\u00a0\u00a0\u00a0\u00a0 Der Auftragnehmer (Unternehmensberater) ist ohne R\u00fccksicht auf ein Verschulden berechtigt und verpflichtet, bekannt werdende Unrichtigkeiten und M\u00e4ngel an seiner Leistung zu beheben. Er wird den Auftraggeber hievon unverz\u00fcglich in Kenntnis setzen.<\/p>\n<p>7.2\u00a0\u00a0\u00a0\u00a0\u00a0\u00a0 Dieser Anspruch des Auftraggebers erlischt nach sechs Monaten nach Erbringen der jeweiligen Leistung.<\/p>\n<ol start=\"8\">\n<li>Haftung \/ Schadenersatz<\/li>\n<\/ol>\n<p>8.1\u00a0\u00a0\u00a0\u00a0\u00a0\u00a0 Der Auftragnehmer (Unternehmensberater) haftet dem Auftraggeber f\u00fcr Sch\u00e4den \u2013 ausgenommen f\u00fcr Personensch\u00e4den &#8211; nur im Falle groben Verschuldens (Vorsatz oder grobe Fahrl\u00e4ssigkeit). Dies gilt sinngem\u00e4\u00df auch f\u00fcr Sch\u00e4den, die auf vom Auftragnehmer beigezogene Dritte zur\u00fcckgehen.<\/p>\n<p>8.2\u00a0\u00a0\u00a0\u00a0\u00a0\u00a0 Schadenersatzanspr\u00fcche des Aufraggebers k\u00f6nnen nur innerhalb von sechs Monaten ab Kenntnis von Schaden und Sch\u00e4diger, sp\u00e4testens aber innerhalb von drei Jahren nach dem anspruchsbegr\u00fcndenden Ereignis gerichtlich geltend gemacht werden.<\/p>\n<p>8.3\u00a0\u00a0\u00a0\u00a0\u00a0\u00a0 Der Auftraggeber hat jeweils den Beweis zu erbringen, dass der Schaden auf ein Verschulden des Auftragnehmers zur\u00fcckzuf\u00fchren ist.<\/p>\n<p>8.4\u00a0\u00a0\u00a0\u00a0\u00a0\u00a0 Sofern der Auftragnehmer (Unternehmensberater) das Werk unter Zuhilfenahme Dritter erbringt und in diesem Zusammenhang Gew\u00e4hrleistungs- und\/oder Haftungsanspr\u00fcche gegen\u00fcber diesen Dritten entstehen, tritt der Auftragnehmer (Unternehmensberater) diese Anspr\u00fcche an den Auftraggeber ab. Der Auftraggeber wird sich in diesem Fall vorrangig an diese Dritten halten.<\/p>\n<ol start=\"9\">\n<li><strong> Geheimhaltung \/ Datenschutz<\/strong><\/li>\n<\/ol>\n<p>9.1\u00a0\u00a0\u00a0\u00a0\u00a0\u00a0 Der Auftragnehmer (Unternehmensberater) verpflichtet sich zu unbedingtem Stillschweigen \u00fcber alle ihm zur Kenntnis gelangenden gesch\u00e4ftlichen Angelegenheiten, insbesondere Gesch\u00e4fts- und Betriebsgeheimnisse sowie jedwede Information, die er \u00fcber Art, Betriebsumfang und praktische T\u00e4tigkeit des Auftraggebers erh\u00e4lt.<\/p>\n<p>9.2\u00a0\u00a0\u00a0\u00a0\u00a0\u00a0 Weiters verpflichtet sich der Auftragnehmer (Unternehmensberater), \u00fcber den gesamten Inhalt des Werkes sowie s\u00e4mtliche Informationen und Umst\u00e4nde, die ihm im Zusammenhang mit der Erstellung des Werkes zugegangen sind, insbesondere auch \u00fcber die Daten von Klienten des Auftraggebers, Dritten gegen\u00fcber Stillschweigen zu bewahren.<\/p>\n<p>9.3\u00a0\u00a0\u00a0\u00a0\u00a0\u00a0 Der Auftragnehmer (Unternehmensberater) ist von der Schweigepflicht gegen\u00fcber allf\u00e4lligen Gehilfen und Stellvertretern, denen er sich bedient, entbunden. Er hat die Schweigepflicht aber auf diese vollst\u00e4ndig zu \u00fcberbinden und haftet f\u00fcr deren Versto\u00df gegen die Verschwiegenheitsverpflichtung wie f\u00fcr einen eigenen Versto\u00df.<\/p>\n<p>9.4\u00a0\u00a0\u00a0\u00a0\u00a0\u00a0 Die Schweigepflicht reicht unbegrenzt auch \u00fcber das Ende dieses Vertragsverh\u00e4ltnisses hinaus. Ausnahmen bestehen im Falle gesetzlich vorgesehener Aussageverpflichtungen.<\/p>\n<p>9.5\u00a0\u00a0\u00a0\u00a0\u00a0\u00a0 Der Auftragnehmer (Unternehmensberater) ist berechtigt, ihm anvertraute personenbezogene Daten im Rahmen der Zweckbestimmung des Vertragsverh\u00e4ltnisses zu verarbeiten. Der Auftraggeber leistet dem Auftragnehmer Gew\u00e4hr, dass hief\u00fcr s\u00e4mtliche erforderlichen Ma\u00dfnahmen insbesondere jene im Sinne des Datenschutzgesetzes, wie etwa Zustimmungserkl\u00e4rungen der Betroffenen, getroffen worden sind.<\/p>\n<ol start=\"10\">\n<li>Honorar<\/li>\n<\/ol>\n<p>10.1\u00a0\u00a0\u00a0\u00a0 Nach Vollendung des vereinbarten Werkes erh\u00e4lt der Auftragnehmer (Unternehmensberater) ein Honorar gem\u00e4\u00df der Vereinbarung zwischen dem Auftraggeber und dem Auftragnehmer (Unternehmensberater). Der Auftragnehmer (Unternehmens-berater) ist berechtigt, dem Arbeitsfortschritt entsprechend Zwischenabrechnungen zu legen und dem jeweiligen Fortschritt entsprechende Akonti zu verlangen. Das Honorar ist jeweils mit Rechnungslegung durch den Auftragnehmer f\u00e4llig.<\/p>\n<p>10.2\u00a0\u00a0\u00a0\u00a0 Der Auftragnehmer (Unternehmensberater) wird jeweils eine zum Vorsteuerabzug berechtigende Rechnung mit allen gesetzlich erforderlichen Merkmalen ausstellen.<\/p>\n<p>10.3\u00a0\u00a0\u00a0\u00a0 Anfallende Barauslagen, Spesen, Reisekosten, etc. sind gegen Rechnungslegung des Auftragnehmers (Unternehmensberaters) vom Auftraggeber zus\u00e4tzlich zu ersetzen.<\/p>\n<p>10.4\u00a0\u00a0\u00a0\u00a0 Unterbleibt die Ausf\u00fchrung des vereinbarten Werkes aus Gr\u00fcnden, die auf Seiten des Auftraggebers liegen, oder aufgrund einer berechtigten vorzeitigen Beendigung des Vertragsverh\u00e4ltnisses durch den Auftragnehmer (Unternehmensberater), so beh\u00e4lt der Auftragnehmer (Unternehmensberater) den Anspruch auf Zahlung des gesamten vereinbarten Honorars abz\u00fcglich ersparter Aufwendungen. Im Falle der Vereinbarung eines Stundenhonorars ist das Honorar f\u00fcr jene Stundenanzahl, die f\u00fcr das gesamte vereinbarte Werk zu erwarten gewesen ist, abz\u00fcglich der ersparten Aufwendungen zu leisten. Die ersparten Aufwendungen sind mit 30 Prozent des Honorars f\u00fcr jene Leistungen, die der Auftragnehmer bis zum Tage der Beendigung des Vertragsverh\u00e4ltnisses noch nicht erbracht hat, pauschaliert vereinbart.<\/p>\n<p>10.5\u00a0\u00a0\u00a0\u00a0 Im Falle der Nichtzahlung von Zwischenabrechnungen ist der Auftragnehmer (Unternehmensberater) von seiner Verpflichtung, weitere Leistungen zu erbringen, befreit. Die Geltendmachung weiterer aus der Nichtzahlung resultierender Anspr\u00fcche wird dadurch aber nicht ber\u00fchrt.<\/p>\n<ol start=\"11\">\n<li><strong> Elektronische Rechnungslegung<\/strong><\/li>\n<\/ol>\n<p><strong>\u00a0<\/strong><\/p>\n<p>11.1\u00a0\u00a0\u00a0\u00a0 Der Auftragnehmer (Unternehmensberater) ist berechtigt, dem Auftraggeber Rechnungen auch in elektronischer Form zu \u00fcbermitteln. Der Auftraggeber erkl\u00e4rt sich mit der Zusendung von Rechnungen in elektronischer Form durch den Auftragnehmer (Unternehmensberater) ausdr\u00fccklich einverstanden.<\/p>\n<ol start=\"12\">\n<li><strong> Dauer des Vertrages<\/strong><\/li>\n<\/ol>\n<p>12.1\u00a0\u00a0\u00a0\u00a0 Dieser Vertrag endet grunds\u00e4tzlich mit dem Abschluss des Projekts.<\/p>\n<p>12.2\u00a0\u00a0\u00a0\u00a0 Der Vertrag kann dessen ungeachtet jederzeit aus wichtigen Gr\u00fcnden von jeder Seite ohne Einhaltung einer K\u00fcndigungsfrist gel\u00f6st werden. Als wichtiger Grund ist insbesondere anzusehen,<\/p>\n<p>&#8211; wenn ein Vertragspartner wesentliche Vertragsverpflichtungen verletzt oder<\/p>\n<p>&#8211; wenn ein Vertragspartner nach Er\u00f6ffnung eines Insolvenzverfahrens in Zahlungsverzug ger\u00e4t.<\/p>\n<p>&#8211; wenn berechtigte Bedenken hinsichtlich der Bonit\u00e4t eines Vertragspartners, \u00fcber den kein Insolvenzverfahren er\u00f6ffnet ist, bestehen und dieser auf Begehren des Auftragnehmers weder Vorauszahlungen leistet noch vor Leistung des Auftragnehmers eine taugliche Sicherheit leistet und die schlechten Verm\u00f6gensverh\u00e4ltnisse dem anderen Vertragspartner bei Vertragsabschluss nicht bekannt waren.<\/p>\n<ol start=\"13\">\n<li><strong> Schlussbestimmungen<\/strong><\/li>\n<\/ol>\n<p>13.1\u00a0\u00a0\u00a0\u00a0 Die Vertragsparteien best\u00e4tigen, alle Angaben im Vertrag gewissenhaft und wahrheitsgetreu gemacht zu haben und verpflichten sich, allf\u00e4llige \u00c4nderungen wechselseitig umgehend bekannt zu geben.<\/p>\n<p>13.2\u00a0\u00a0\u00a0\u00a0 \u00c4nderungen des Vertrages und dieser AGB bed\u00fcrfen der Schriftform; ebenso ein Abgehen von diesem Formerfordernis. M\u00fcndliche Nebenabreden bestehen nicht.<\/p>\n<p>13.3\u00a0\u00a0\u00a0\u00a0 Auf diesen Vertrag ist materielles \u00f6sterreichisches Recht unter Ausschluss der Verweisungsnormen des internationalen Privatrechts anwendbar. Erf\u00fcllungsort ist der Ort der beruflichen Niederlassung des Auftragnehmers (Unternehmensberaters). F\u00fcr Streitigkeiten ist das Gericht am Unternehmensort des Auftragnehmers (Unternehmens-beraters) zust\u00e4ndig.<\/p>\n<p><strong>Der Fachverband Unternehmensberatung und Informationstechnologie empfiehlt als wirtschaftsfreundliches Mittel der Streitschlichtung nachfolgende Mediationsklausel:<\/strong><\/p>\n<p>(1) F\u00fcr den Fall von Streitigkeiten aus diesem Vertrag, die nicht einvernehmlich geregelt werden k\u00f6nnen, vereinbaren die Vertragsparteien einvernehmlich zur au\u00dfergerichtlichen Beilegung des Konfliktes eingetragene Mediatoren (ZivMediatG) mit dem Schwerpunkt WirtschaftsMediation aus der Liste des Justizministeriums beizuziehen. Sollte \u00fcber die Auswahl der WirtschaftsMediatoren oder inhaltlich kein Einvernehmen hergestellt werden<\/p>\n<p>k\u00f6nnen, werden fr\u00fchestens ein Monat ab Scheitern der Verhandlungen<\/p>\n<p>rechtliche Schritte eingeleitet.<\/p>\n<p>(2) Im Falle einer nicht zustande gekommenen oder abgebrochenen Mediation, gilt in einem allf\u00e4llig eingeleiteten Gerichtsverfahren \u00f6sterreichisches Recht.<\/p>\n<p>S\u00e4mtliche aufgrund einer vorherigen Mediation angelaufenen notwendigen Aufwendungen, insbesondere auch jene f\u00fcr eine(n) beigezogene(n) RechtsberaterIn, k\u00f6nnen vereinbarungsgem\u00e4\u00df in einem Gerichts- oder Schiedsgerichtsverfahren als \u201evorprozessuale Kosten\u201c geltend gemacht werden.<\/p>\n<div><a href=\"https:\/\/www.wko.at\/branchen\/information-consulting\/unternehmensberatung-buchhaltung-informationstechnologie\/unternehmensberatung\/unternehmensberatung-agb.pdf\">ALLGEMEINE GESCH\u00c4FTSBEDINGUNGEN f\u00fcr Unternehmensberatung M\u00e4rz 2018<\/a><\/div>\n<div><a href=\"https:\/\/www.wko.at\/branchen\/information-consulting\/unternehmensberatung-buchhaltung-informationstechnologie\/unternehmensberatung\/unternehmensberatung-agb-begleitblatt.pdf\">Begleitblatt zu den \u201eALLGEMEINEN GESCH\u00c4FTSBEDINGUNGEN f\u00fcr Unternehmensberatung\u201c in der Fassung M\u00e4rz 2018<\/a><\/div>\n<p>\n<\/div><\/div><\/div><\/div><\/div><\/div><\/div><\/div><\/section>\n","protected":false},"excerpt":{"rendered":"Allgemeine Grundlagen \/ Geltungsbereich 1.1\u00a0\u00a0\u00a0\u00a0\u00a0\u00a0 F\u00fcr s\u00e4mtliche Rechtsgesch\u00e4fte zwischen dem Auftraggeber und dem Auftragnehmer (Unternehmensberater) gelten ausschlie\u00dflich diese Allgemeinen Gesch\u00e4ftsbedingungen. Ma\u00dfgeblich ist jeweils die zum Zeitpunkt des Vertragsabschlusses g\u00fcltige Fassung. 1.2\u00a0\u00a0\u00a0\u00a0\u00a0\u00a0 Diese Allgemeinen Gesch\u00e4ftsbedingungen gelten auch f\u00fcr alle k\u00fcnftigen Vertragsbeziehungen, somit auch dann, wenn bei Zusatzvertr\u00e4gen darauf nicht ausdr\u00fccklich hingewiesen wird. 1.3\u00a0\u00a0\u00a0\u00a0\u00a0\u00a0 Entgegenstehende Allgemeine Gesch\u00e4ftsbedingungen [...]","protected":false},"author":1,"featured_media":2880,"parent":0,"menu_order":0,"comment_status":"closed","ping_status":"closed","template":"","meta":{"footnotes":""},"class_list":["post-2539","page","type-page","status-publish","has-post-thumbnail","hentry"],"yoast_head":"<!-- This site is optimized with the Yoast SEO plugin v25.4 - https:\/\/yoast.com\/wordpress\/plugins\/seo\/ -->\n<title>AGB |<\/title>\n<meta name=\"robots\" content=\"index, follow, max-snippet:-1, max-image-preview:large, max-video-preview:-1\" \/>\n<link rel=\"canonical\" href=\"https:\/\/mainstageconsulting.com\/de\/agb\/\" \/>\n<meta property=\"og:locale\" content=\"de_DE\" \/>\n<meta property=\"og:type\" content=\"article\" \/>\n<meta property=\"og:title\" content=\"AGB |\" \/>\n<meta property=\"og:url\" content=\"https:\/\/mainstageconsulting.com\/de\/agb\/\" \/>\n<meta property=\"article:modified_time\" content=\"2018-10-06T13:11:52+00:00\" \/>\n<meta property=\"og:image\" content=\"https:\/\/mainstageconsulting.com\/wp-content\/uploads\/2017\/12\/architecture-1048092_1920.jpg\" \/>\n\t<meta property=\"og:image:width\" content=\"1920\" \/>\n\t<meta property=\"og:image:height\" content=\"1440\" \/>\n\t<meta property=\"og:image:type\" content=\"image\/jpeg\" \/>\n<meta name=\"twitter:card\" content=\"summary_large_image\" \/>\n<meta name=\"twitter:label1\" content=\"Gesch\u00e4tzte Lesezeit\" \/>\n\t<meta name=\"twitter:data1\" content=\"9\u00a0Minuten\" \/>\n<script type=\"application\/ld+json\" class=\"yoast-schema-graph\">{\"@context\":\"https:\/\/schema.org\",\"@graph\":[{\"@type\":\"WebPage\",\"@id\":\"https:\/\/mainstageconsulting.com\/de\/agb\/\",\"url\":\"https:\/\/mainstageconsulting.com\/de\/agb\/\",\"name\":\"AGB |\",\"isPartOf\":{\"@id\":\"https:\/\/mainstageconsulting.com\/#website\"},\"primaryImageOfPage\":{\"@id\":\"https:\/\/mainstageconsulting.com\/de\/agb\/#primaryimage\"},\"image\":{\"@id\":\"https:\/\/mainstageconsulting.com\/de\/agb\/#primaryimage\"},\"thumbnailUrl\":\"https:\/\/mainstageconsulting.com\/wp-content\/uploads\/2017\/12\/architecture-1048092_1920.jpg\",\"datePublished\":\"2017-11-07T16:15:05+00:00\",\"dateModified\":\"2018-10-06T13:11:52+00:00\",\"breadcrumb\":{\"@id\":\"https:\/\/mainstageconsulting.com\/de\/agb\/#breadcrumb\"},\"inLanguage\":\"de\",\"potentialAction\":[{\"@type\":\"ReadAction\",\"target\":[\"https:\/\/mainstageconsulting.com\/de\/agb\/\"]}]},{\"@type\":\"ImageObject\",\"inLanguage\":\"de\",\"@id\":\"https:\/\/mainstageconsulting.com\/de\/agb\/#primaryimage\",\"url\":\"https:\/\/mainstageconsulting.com\/wp-content\/uploads\/2017\/12\/architecture-1048092_1920.jpg\",\"contentUrl\":\"https:\/\/mainstageconsulting.com\/wp-content\/uploads\/2017\/12\/architecture-1048092_1920.jpg\",\"width\":1920,\"height\":1440},{\"@type\":\"BreadcrumbList\",\"@id\":\"https:\/\/mainstageconsulting.com\/de\/agb\/#breadcrumb\",\"itemListElement\":[{\"@type\":\"ListItem\",\"position\":1,\"name\":\"Home\",\"item\":\"https:\/\/mainstageconsulting.com\/de\/\"},{\"@type\":\"ListItem\",\"position\":2,\"name\":\"AGB\"}]},{\"@type\":\"WebSite\",\"@id\":\"https:\/\/mainstageconsulting.com\/#website\",\"url\":\"https:\/\/mainstageconsulting.com\/\",\"name\":\"\",\"description\":\"\",\"potentialAction\":[{\"@type\":\"SearchAction\",\"target\":{\"@type\":\"EntryPoint\",\"urlTemplate\":\"https:\/\/mainstageconsulting.com\/?s={search_term_string}\"},\"query-input\":{\"@type\":\"PropertyValueSpecification\",\"valueRequired\":true,\"valueName\":\"search_term_string\"}}],\"inLanguage\":\"de\"}]}<\/script>\n<!-- \/ Yoast SEO plugin. -->","yoast_head_json":{"title":"AGB |","robots":{"index":"index","follow":"follow","max-snippet":"max-snippet:-1","max-image-preview":"max-image-preview:large","max-video-preview":"max-video-preview:-1"},"canonical":"https:\/\/mainstageconsulting.com\/de\/agb\/","og_locale":"de_DE","og_type":"article","og_title":"AGB |","og_url":"https:\/\/mainstageconsulting.com\/de\/agb\/","article_modified_time":"2018-10-06T13:11:52+00:00","og_image":[{"width":1920,"height":1440,"url":"https:\/\/mainstageconsulting.com\/wp-content\/uploads\/2017\/12\/architecture-1048092_1920.jpg","type":"image\/jpeg"}],"twitter_card":"summary_large_image","twitter_misc":{"Gesch\u00e4tzte Lesezeit":"9\u00a0Minuten"},"schema":{"@context":"https:\/\/schema.org","@graph":[{"@type":"WebPage","@id":"https:\/\/mainstageconsulting.com\/de\/agb\/","url":"https:\/\/mainstageconsulting.com\/de\/agb\/","name":"AGB |","isPartOf":{"@id":"https:\/\/mainstageconsulting.com\/#website"},"primaryImageOfPage":{"@id":"https:\/\/mainstageconsulting.com\/de\/agb\/#primaryimage"},"image":{"@id":"https:\/\/mainstageconsulting.com\/de\/agb\/#primaryimage"},"thumbnailUrl":"https:\/\/mainstageconsulting.com\/wp-content\/uploads\/2017\/12\/architecture-1048092_1920.jpg","datePublished":"2017-11-07T16:15:05+00:00","dateModified":"2018-10-06T13:11:52+00:00","breadcrumb":{"@id":"https:\/\/mainstageconsulting.com\/de\/agb\/#breadcrumb"},"inLanguage":"de","potentialAction":[{"@type":"ReadAction","target":["https:\/\/mainstageconsulting.com\/de\/agb\/"]}]},{"@type":"ImageObject","inLanguage":"de","@id":"https:\/\/mainstageconsulting.com\/de\/agb\/#primaryimage","url":"https:\/\/mainstageconsulting.com\/wp-content\/uploads\/2017\/12\/architecture-1048092_1920.jpg","contentUrl":"https:\/\/mainstageconsulting.com\/wp-content\/uploads\/2017\/12\/architecture-1048092_1920.jpg","width":1920,"height":1440},{"@type":"BreadcrumbList","@id":"https:\/\/mainstageconsulting.com\/de\/agb\/#breadcrumb","itemListElement":[{"@type":"ListItem","position":1,"name":"Home","item":"https:\/\/mainstageconsulting.com\/de\/"},{"@type":"ListItem","position":2,"name":"AGB"}]},{"@type":"WebSite","@id":"https:\/\/mainstageconsulting.com\/#website","url":"https:\/\/mainstageconsulting.com\/","name":"","description":"","potentialAction":[{"@type":"SearchAction","target":{"@type":"EntryPoint","urlTemplate":"https:\/\/mainstageconsulting.com\/?s={search_term_string}"},"query-input":{"@type":"PropertyValueSpecification","valueRequired":true,"valueName":"search_term_string"}}],"inLanguage":"de"}]}},"_links":{"self":[{"href":"https:\/\/mainstageconsulting.com\/de\/wp-json\/wp\/v2\/pages\/2539","targetHints":{"allow":["GET"]}}],"collection":[{"href":"https:\/\/mainstageconsulting.com\/de\/wp-json\/wp\/v2\/pages"}],"about":[{"href":"https:\/\/mainstageconsulting.com\/de\/wp-json\/wp\/v2\/types\/page"}],"author":[{"embeddable":true,"href":"https:\/\/mainstageconsulting.com\/de\/wp-json\/wp\/v2\/users\/1"}],"replies":[{"embeddable":true,"href":"https:\/\/mainstageconsulting.com\/de\/wp-json\/wp\/v2\/comments?post=2539"}],"version-history":[{"count":6,"href":"https:\/\/mainstageconsulting.com\/de\/wp-json\/wp\/v2\/pages\/2539\/revisions"}],"predecessor-version":[{"id":3063,"href":"https:\/\/mainstageconsulting.com\/de\/wp-json\/wp\/v2\/pages\/2539\/revisions\/3063"}],"wp:featuredmedia":[{"embeddable":true,"href":"https:\/\/mainstageconsulting.com\/de\/wp-json\/wp\/v2\/media\/2880"}],"wp:attachment":[{"href":"https:\/\/mainstageconsulting.com\/de\/wp-json\/wp\/v2\/media?parent=2539"}],"curies":[{"name":"wp","href":"https:\/\/api.w.org\/{rel}","templated":true}]}}