{"id":2693,"date":"2017-11-04T11:32:25","date_gmt":"2017-11-04T11:32:25","guid":{"rendered":"http:\/\/www.mainstageconsulting.com\/impressum\/"},"modified":"2025-07-05T20:18:45","modified_gmt":"2025-07-05T20:18:45","slug":"impressum","status":"publish","type":"page","link":"https:\/\/mainstageconsulting.com\/de\/impressum\/","title":{"rendered":"Impressum"},"content":{"rendered":"<section class=\"wpb-content-wrapper\"><section id=\"bt_section69d0de73cb328\"  class=\"boldSection topExtraSmallSpaced bottomSmallSpaced btLightSkin gutter inherit\" ><div class=\"port\"><div class=\"boldCell\"><div class=\"boldCellInner\"><div class=\"boldRow \" ><div class=\"boldRowInner\"><div class=\"rowItem col-md-8 col-ms-12 btTextLeft animate animate-fadein inherit\"  data-width=\"8\"><div class=\"rowItemContent\" ><header class=\"header btClear large\" ><div class=\"btSuperTitle\"><span>IMPRESSUM<\/span><\/div><\/header><div class=\"btText\" ><\/p>\n<h2><span style=\"font-size: 12pt;\">MainstageConsulting<\/span><\/h2>\n<h2><span style=\"font-size: 12pt;\"><strong><img decoding=\"async\" class=\"alignnone wp-image-3881\" src=\"https:\/\/mainstageconsulting.com\/wp-content\/uploads\/2025\/07\/Signature.jpg\" alt=\"\" width=\"592\" height=\"418\" srcset=\"https:\/\/mainstageconsulting.com\/wp-content\/uploads\/2025\/07\/Signature.jpg 1764w, https:\/\/mainstageconsulting.com\/wp-content\/uploads\/2025\/07\/Signature-640x452.jpg 640w, https:\/\/mainstageconsulting.com\/wp-content\/uploads\/2025\/07\/Signature-1280x904.jpg 1280w, https:\/\/mainstageconsulting.com\/wp-content\/uploads\/2025\/07\/Signature-1024x723.jpg 1024w, https:\/\/mainstageconsulting.com\/wp-content\/uploads\/2025\/07\/Signature-1536x1085.jpg 1536w, https:\/\/mainstageconsulting.com\/wp-content\/uploads\/2025\/07\/Signature-320x226.jpg 320w\" sizes=\"(max-width: 592px) 100vw, 592px\" \/><\/strong><\/span><\/h2>\n<h2><span style=\"font-size: 12pt;\"><strong>Languages: <\/strong><\/span><\/h2>\n<p><span style=\"font-size: 12pt;\"> <img decoding=\"async\" class=\"alignnone size-full wp-image-2602\" src=\"http:\/\/www.mainstageconsulting.com\/wp-content\/uploads\/2017\/11\/if_United-Kingdom_92403.png\" alt=\"\" width=\"24\" height=\"24\" \/><strong> <img decoding=\"async\" class=\"alignnone size-full wp-image-2596\" src=\"http:\/\/www.mainstageconsulting.com\/wp-content\/uploads\/2017\/11\/if_Austria_91963.png\" alt=\"\" width=\"24\" height=\"24\" \/> <img decoding=\"async\" class=\"alignnone size-full wp-image-2590\" src=\"http:\/\/www.mainstageconsulting.com\/wp-content\/uploads\/2017\/11\/if_Italy_92145.png\" alt=\"\" width=\"24\" height=\"24\" \/> <img decoding=\"async\" class=\"alignnone size-full wp-image-2584\" src=\"http:\/\/www.mainstageconsulting.com\/wp-content\/uploads\/2017\/11\/if_Spain_92357.png\" alt=\"\" width=\"24\" height=\"24\" \/><\/strong><\/span><\/p>\n<div class=\"vc_row wpb_row vc_row-fluid\">\n<div class=\"wpb_column vc_column_container vc_col-sm-12\">\n<div class=\"vc_column-inner \">\n<div class=\"wpb_wrapper\">\n<div class=\"wpb_text_column wpb_content_element \">\n<div class=\"wpb_wrapper\">\n<div class=\"col medium-5\">\n<p><span style=\"font-size: 12pt;\">Online-Streitbeilegung gem\u00e4\u00df Art. 14 Abs. 1 ODR-VO: Die Europ\u00e4ische Kommission stellt eine Plattform zur Online-Streitbeilegung (OS) bereit, die Sie unter <a href=\"https:\/\/ec.europa.eu\/consumers\/odr\/\" target=\"_blank\" rel=\"noopener\">https:\/\/ec.europa.eu\/consumers\/odr\/<\/a> finden. Dar\u00fcber hinaus nimmt unser Betrieb an einem Verbraucherstreitigkeitsverfahren nicht teil.<\/span><\/p>\n<dl class=\"floatList\">\n<dt><\/dt>\n<\/dl>\n<\/div>\n<div class=\"col medium-7\">\n<h2><span style=\"font-size: 12pt;\">Rechtliche Informationen<\/span><\/h2>\n<p><span style=\"font-size: 12pt;\"><img decoding=\"async\" class=\"alignnone wp-image-2411\" src=\"http:\/\/www.mainstageconsulting.com\/wp-content\/uploads\/2016\/07\/WKO.png\" alt=\"\" width=\"102\" height=\"42\" srcset=\"https:\/\/mainstageconsulting.com\/wp-content\/uploads\/2016\/07\/WKO.png 480w, https:\/\/mainstageconsulting.com\/wp-content\/uploads\/2016\/07\/WKO-320x133.png 320w\" sizes=\"(max-width: 102px) 100vw, 102px\" \/><\/span><\/p>\n<dl class=\"floatList\">\n<dt><span style=\"font-size: 12pt;\">Kammer:<\/span><\/dt>\n<dd><span style=\"font-size: 12pt;\">Wirtschaftskammer Wien<\/span><\/dd>\n<dt><span style=\"font-size: 12pt;\">gesetzl. Berufsbezeichnung:<\/span><\/dt>\n<dd><span style=\"font-size: 12pt;\">Unternehmensberatung einschlie\u00dflich der Unternehmensorganisation,eingeschr\u00e4nkt auf Marketing<\/span><\/dd>\n<dt><span style=\"font-size: 12pt;\">berufsrechtl. Regelungen:<\/span><\/dt>\n<dd><span style=\"font-size: 12pt;\"><a title=\"Zur Gewerbeordnung\" href=\"https:\/\/www.ris.bka.gv.at\/GeltendeFassung.wxe?Abfrage=Bundesnormen&amp;Gesetzesnummer=10007517\" target=\"_blank\" rel=\"noopener\">Gewerbeordnung<\/a><\/span><\/dd>\n<dt><span style=\"font-size: 12pt;\">Link zur WKO:<\/span><\/dt>\n<dd><span style=\"font-size: 12pt;\">WKO<\/span><\/dd>\n<dt><span style=\"font-size: 12pt;\">Aufsichtsbeh\u00f6rde:<\/span><\/dt>\n<dd><span style=\"font-size: 12pt;\">Magistratisches Bezirksamt des XVII. Bezirkes<\/span><\/dd>\n<dt><span style=\"font-size: 12pt;\">Portraits:<\/span><\/dt>\n<dd><span style=\"font-size: 12pt;\">Themeforest<\/span><\/dd>\n<\/dl>\n<\/div>\n<\/div>\n<\/div>\n<\/div>\n<\/div>\n<\/div>\n<\/div>\n<div id=\"s3gt_translate_tooltip_mini\" class=\"s3gt_translate_tooltip_mini_box\" style=\"background: initial !important; border: initial !important; border-radius: initial !important; border-spacing: initial !important; border-collapse: initial !important; direction: ltr !important; flex-direction: initial !important; font-weight: initial !important; height: initial !important; letter-spacing: initial !important; min-width: initial !important; max-width: initial !important; min-height: initial !important; max-height: initial !important; margin: auto !important; outline: initial !important; padding: initial !important; position: absolute; table-layout: initial !important; text-align: initial !important; text-shadow: initial !important; width: initial !important; word-break: initial !important; word-spacing: initial !important; overflow-wrap: initial !important; box-sizing: initial !important; display: initial !important; color: inherit !important; font-size: 13px !important; font-family: X-LocaleSpecific, sans-serif, Tahoma, Helvetica !important; line-height: 13px !important; vertical-align: top !important; white-space: inherit !important; left: 34px; top: 431px; opacity: 0.7;\">\n<div id=\"s3gt_translate_tooltip_mini_logo\" class=\"s3gt_translate_tooltip_mini\" title=\"Translate selected text\"><\/div>\n<div id=\"s3gt_translate_tooltip_mini_sound\" class=\"s3gt_translate_tooltip_mini\" title=\"Play\"><\/div>\n<div id=\"s3gt_translate_tooltip_mini_copy\" class=\"s3gt_translate_tooltip_mini\" title=\"Copy text to Clipboard\"><\/div>\n<\/div>\n<div id=\"s3gt_translate_tooltip_mini\" class=\"s3gt_translate_tooltip_mini_box\" style=\"background: initial !important; border: initial !important; border-radius: initial !important; border-spacing: initial !important; border-collapse: initial !important; direction: ltr !important; flex-direction: initial !important; font-weight: initial !important; height: initial !important; letter-spacing: initial !important; min-width: initial !important; max-width: initial !important; min-height: initial !important; max-height: initial !important; margin: auto !important; outline: initial !important; padding: initial !important; position: absolute; table-layout: initial !important; text-align: initial !important; text-shadow: initial !important; width: initial !important; word-break: initial !important; word-spacing: initial !important; overflow-wrap: initial !important; box-sizing: initial !important; display: initial !important; color: inherit !important; font-size: 13px !important; font-family: X-LocaleSpecific, sans-serif, Tahoma, Helvetica !important; line-height: 13px !important; vertical-align: top !important; white-space: inherit !important; left: 112px; top: 525px;\">\n<div id=\"s3gt_translate_tooltip_mini_logo\" class=\"s3gt_translate_tooltip_mini\" title=\"Translate selected text\"><\/div>\n<div id=\"s3gt_translate_tooltip_mini_sound\" class=\"s3gt_translate_tooltip_mini\" title=\"Play\"><\/div>\n<div id=\"s3gt_translate_tooltip_mini_copy\" class=\"s3gt_translate_tooltip_mini\" title=\"Copy text to Clipboard\"><\/div>\n<\/div>\n<p>\n<\/div><\/div><\/div><div class=\"rowItem col-md-4 col-ms-12 btTextLeft animate animate-fadein btHighlight inherit btDoublePadding btLightSkin\"  data-width=\"4\"><div class=\"rowItemContent\" style = \"background-color: rgba(255, 255, 255, 0.6); \"><div class=\"btClear btSeparator topSmallSpaced bottomSmallSpaced noBorder\" ><hr><\/div><header class=\"header btClear large\" ><div class=\"btSuperTitle\"><span>E-MAIL FORM<\/span><\/div><div class=\"dash\"><h2><span class=\"headline\">Contact Us<\/span><\/h2><\/div><\/header><div class=\"btClear btSeparator topSmallSpaced noBorder\" ><hr><\/div><div class=\"btText\" ><\/p>\n<p><script type=\"text\/javascript\">var gform;gform||(document.addEventListener(\"gform_main_scripts_loaded\",function(){gform.scriptsLoaded=!0}),window.addEventListener(\"DOMContentLoaded\",function(){gform.domLoaded=!0}),gform={domLoaded:!1,scriptsLoaded:!1,initializeOnLoaded:function(o){gform.domLoaded&&gform.scriptsLoaded?o():!gform.domLoaded&&gform.scriptsLoaded?window.addEventListener(\"DOMContentLoaded\",o):document.addEventListener(\"gform_main_scripts_loaded\",o)},hooks:{action:{},filter:{}},addAction:function(o,n,r,t){gform.addHook(\"action\",o,n,r,t)},addFilter:function(o,n,r,t){gform.addHook(\"filter\",o,n,r,t)},doAction:function(o){gform.doHook(\"action\",o,arguments)},applyFilters:function(o){return gform.doHook(\"filter\",o,arguments)},removeAction:function(o,n){gform.removeHook(\"action\",o,n)},removeFilter:function(o,n,r){gform.removeHook(\"filter\",o,n,r)},addHook:function(o,n,r,t,i){null==gform.hooks[o][n]&&(gform.hooks[o][n]=[]);var e=gform.hooks[o][n];null==i&&(i=n+\"_\"+e.length),gform.hooks[o][n].push({tag:i,callable:r,priority:t=null==t?10:t})},doHook:function(n,o,r){var t;if(r=Array.prototype.slice.call(r,1),null!=gform.hooks[n][o]&&((o=gform.hooks[n][o]).sort(function(o,n){return o.priority-n.priority}),o.forEach(function(o){\"function\"!=typeof(t=o.callable)&&(t=window[t]),\"action\"==n?t.apply(null,r):r[0]=t.apply(null,r)})),\"filter\"==n)return r[0]},removeHook:function(o,n,t,i){var r;null!=gform.hooks[o][n]&&(r=(r=gform.hooks[o][n]).filter(function(o,n,r){return!!(null!=i&&i!=o.tag||null!=t&&t!=o.priority)}),gform.hooks[o][n]=r)}});<\/script><\/p>\n<div class='gf_browser_gecko gform_wrapper gform_legacy_markup_wrapper gform-theme--no-framework' data-form-theme='legacy' data-form-index='0' id='gform_wrapper_1' >\n<div id='gf_1' class='gform_anchor' tabindex='-1'><\/div>\n<form method='post' enctype='multipart\/form-data' target='gform_ajax_frame_1' id='gform_1'  action='\/de\/wp-json\/wp\/v2\/pages\/2693#gf_1' data-formid='1' >\n<div class='gform-body gform_body'>\n<ul id='gform_fields_1' class='gform_fields top_label form_sublabel_below description_below'>\n<li id=\"field_1_1\"  class=\"gfield gfield--type-text gfield_contains_required field_sublabel_below gfield--no-description field_description_below gfield_visibility_visible\"  data-js-reload=\"field_1_1\"><label class='gfield_label gform-field-label' for='input_1_1' >Name<span class=\"gfield_required\"><span class=\"gfield_required gfield_required_asterisk\">*<\/span><\/span><\/label>\n<div class='ginput_container ginput_container_text'><input name='input_1' id='input_1_1' type='text' value='' class='large'   tabindex='49'  aria-required=\"true\" aria-invalid=\"false\"   \/> <\/div>\n<\/li>\n<li id=\"field_1_2\"  class=\"gfield gfield--type-email gfield_contains_required field_sublabel_below gfield--no-description field_description_below gfield_visibility_visible\"  data-js-reload=\"field_1_2\"><label class='gfield_label gform-field-label' for='input_1_2' >Email<span class=\"gfield_required\"><span class=\"gfield_required gfield_required_asterisk\">*<\/span><\/span><\/label>\n<div class='ginput_container ginput_container_email'>\n                            <input name='input_2' id='input_1_2' type='text' value='' class='large' tabindex='50'   aria-required=\"true\" aria-invalid=\"false\"  \/>\n                        <\/div>\n<\/li>\n<li id=\"field_1_5\"  class=\"gfield gfield--type-phone field_sublabel_below gfield--no-description field_description_below gfield_visibility_visible\"  data-js-reload=\"field_1_5\"><label class='gfield_label gform-field-label' for='input_1_5' >Phone<\/label>\n<div class='ginput_container ginput_container_phone'><input name='input_5' id='input_1_5' type='text' value='' class='large' tabindex='51'   aria-invalid=\"false\"   \/><\/div>\n<\/li>\n<li id=\"field_1_3\"  class=\"gfield gfield--type-text field_sublabel_below gfield--no-description field_description_below gfield_visibility_visible\"  data-js-reload=\"field_1_3\"><label class='gfield_label gform-field-label' for='input_1_3' >Subject<\/label>\n<div class='ginput_container ginput_container_text'><input name='input_3' id='input_1_3' type='text' value='' class='large'   tabindex='52'   aria-invalid=\"false\"   \/> <\/div>\n<\/li>\n<li id=\"field_1_4\"  class=\"gfield gfield--type-textarea field_sublabel_below gfield--no-description field_description_below gfield_visibility_visible\"  data-js-reload=\"field_1_4\"><label class='gfield_label gform-field-label' for='input_1_4' >Your Message<\/label>\n<div class='ginput_container ginput_container_textarea'><textarea name='input_4' id='input_1_4' class='textarea medium' tabindex='53'     aria-invalid=\"false\"   rows='10' cols='50'><\/textarea><\/div>\n<\/li>\n<\/ul>\n<\/div>\n<div class='gform_footer top_label'> <input type='submit' id='gform_submit_button_1' class='gform_button button' value='Submit' tabindex='54' onclick='if(window[\"gf_submitting_1\"]){return false;}  window[\"gf_submitting_1\"]=true;  ' onkeypress='if( event.keyCode == 13 ){ if(window[\"gf_submitting_1\"]){return false;} window[\"gf_submitting_1\"]=true;  jQuery(\"#gform_1\").trigger(\"submit\",[true]); }' \/> <input type='hidden' name='gform_ajax' value='form_id=1&amp;title=&amp;description=&amp;tabindex=49' \/><br \/>\n            <input type='hidden' class='gform_hidden' name='is_submit_1' value='1' \/><br \/>\n            <input type='hidden' class='gform_hidden' name='gform_submit' value='1' \/><\/p>\n<p>            <input type='hidden' class='gform_hidden' name='gform_unique_id' value='' \/><br \/>\n            <input type='hidden' class='gform_hidden' name='state_1' value='WyJbXSIsImE5OTRhYzFhMGMyNmQ2OTM5MThhMzJjZGQwMWJiYmU0Il0=' \/><br \/>\n            <input type='hidden' class='gform_hidden' name='gform_target_page_number_1' id='gform_target_page_number_1' value='0' \/><br \/>\n            <input type='hidden' class='gform_hidden' name='gform_source_page_number_1' id='gform_source_page_number_1' value='1' \/><br \/>\n            <input type='hidden' name='gform_field_values' value='' \/><\/p><\/div><\/form>\n<\/p><\/div>\n<p>\t\t                <iframe style='display:none;width:0px;height:0px;' src='about:blank' name='gform_ajax_frame_1' id='gform_ajax_frame_1' title='Dieser iframe enth\u00e4lt die erforderliche Logik um Gravity Forms Formulare mit AJAX zu handhaben.'><\/iframe><br \/>\n\t\t                <script type=\"text\/javascript\">\n\/* <![CDATA[ *\/\n gform.initializeOnLoaded( function() {gformInitSpinner( 1, 'https:\/\/mainstageconsulting.com\/wp-content\/plugins\/gravityforms\/images\/spinner.svg', true );jQuery('#gform_ajax_frame_1').on('load',function(){var contents = jQuery(this).contents().find('*').html();var is_postback = contents.indexOf('GF_AJAX_POSTBACK') >= 0;if(!is_postback){return;}var form_content = jQuery(this).contents().find('#gform_wrapper_1');var is_confirmation = jQuery(this).contents().find('#gform_confirmation_wrapper_1').length > 0;var is_redirect = contents.indexOf('gformRedirect(){') >= 0;var is_form = form_content.length > 0 && ! is_redirect && ! is_confirmation;var mt = parseInt(jQuery('html').css('margin-top'), 10) + parseInt(jQuery('body').css('margin-top'), 10) + 100;if(is_form){jQuery('#gform_wrapper_1').html(form_content.html());if(form_content.hasClass('gform_validation_error')){jQuery('#gform_wrapper_1').addClass('gform_validation_error');} else {jQuery('#gform_wrapper_1').removeClass('gform_validation_error');}setTimeout( function() { \/* delay the scroll by 50 milliseconds to fix a bug in chrome *\/ jQuery(document).scrollTop(jQuery('#gform_wrapper_1').offset().top - mt); }, 50 );if(window['gformInitDatepicker']) {gformInitDatepicker();}if(window['gformInitPriceFields']) {gformInitPriceFields();}var current_page = jQuery('#gform_source_page_number_1').val();gformInitSpinner( 1, 'https:\/\/mainstageconsulting.com\/wp-content\/plugins\/gravityforms\/images\/spinner.svg', true );jQuery(document).trigger('gform_page_loaded', [1, current_page]);window['gf_submitting_1'] = false;}else if(!is_redirect){var confirmation_content = jQuery(this).contents().find('.GF_AJAX_POSTBACK').html();if(!confirmation_content){confirmation_content = contents;}setTimeout(function(){jQuery('#gform_wrapper_1').replaceWith(confirmation_content);jQuery(document).scrollTop(jQuery('#gf_1').offset().top - mt);jQuery(document).trigger('gform_confirmation_loaded', [1]);window['gf_submitting_1'] = false;wp.a11y.speak(jQuery('#gform_confirmation_message_1').text());}, 50);}else{jQuery('#gform_1').append(contents);if(window['gformRedirect']) {gformRedirect();}}jQuery(document).trigger('gform_post_render', [1, current_page]);} );} ); \n\/* ]]> *\/\n<\/script>\n<\/p>\n<p>\n<\/div><div class=\"btClear btSeparator topSmallSpaced bottomSmallSpaced noBorder\" ><hr><\/div><\/div><\/div><\/div><\/div><div class=\"boldRow \" ><div class=\"boldRowInner\"><\/div><\/div><\/div><\/div><\/div><\/section>\n<\/section>","protected":false},"excerpt":{"rendered":"IMPRESSUMMainstageConsulting Languages: Online-Streitbeilegung gem\u00e4\u00df Art. 14 Abs. 1 ODR-VO: Die Europ\u00e4ische Kommission stellt eine Plattform zur Online-Streitbeilegung (OS) bereit, die Sie unter https:\/\/ec.europa.eu\/consumers\/odr\/ finden. Dar\u00fcber hinaus nimmt unser Betrieb an einem Verbraucherstreitigkeitsverfahren nicht teil. Rechtliche Informationen Kammer: Wirtschaftskammer Wien gesetzl. Berufsbezeichnung: Unternehmensberatung einschlie\u00dflich der Unternehmensorganisation,eingeschr\u00e4nkt auf Marketing berufsrechtl. Regelungen: Gewerbeordnung Link zur WKO: WKO Aufsichtsbeh\u00f6rde: [...]","protected":false},"author":1,"featured_media":2895,"parent":0,"menu_order":0,"comment_status":"closed","ping_status":"closed","template":"","meta":{"footnotes":""},"class_list":["post-2693","page","type-page","status-publish","has-post-thumbnail","hentry"],"yoast_head":"<!-- This site is optimized with the Yoast SEO plugin v25.4 - https:\/\/yoast.com\/wordpress\/plugins\/seo\/ -->\n<title>Impressum<\/title>\n<meta name=\"description\" content=\"We are experts in consulting, technology and innovation, working with businesses and governments worldwide.\" \/>\n<meta name=\"robots\" content=\"index, follow, max-snippet:-1, max-image-preview:large, max-video-preview:-1\" \/>\n<link rel=\"canonical\" href=\"https:\/\/mainstageconsulting.com\/de\/impressum\/\" \/>\n<meta property=\"og:locale\" content=\"de_DE\" \/>\n<meta property=\"og:type\" content=\"article\" \/>\n<meta property=\"og:title\" content=\"Impressum\" \/>\n<meta property=\"og:description\" content=\"We are experts in consulting, technology and innovation, working with businesses and governments worldwide.\" \/>\n<meta property=\"og:url\" content=\"https:\/\/mainstageconsulting.com\/de\/impressum\/\" \/>\n<meta property=\"article:modified_time\" content=\"2025-07-05T20:18:45+00:00\" \/>\n<meta property=\"og:image\" content=\"https:\/\/mainstageconsulting.com\/wp-content\/uploads\/2017\/12\/architecture-768432_1920.jpg\" \/>\n\t<meta property=\"og:image:width\" content=\"1920\" \/>\n\t<meta property=\"og:image:height\" content=\"1279\" \/>\n\t<meta property=\"og:image:type\" content=\"image\/jpeg\" \/>\n<meta name=\"twitter:card\" content=\"summary_large_image\" \/>\n<meta name=\"twitter:label1\" content=\"Gesch\u00e4tzte Lesezeit\" \/>\n\t<meta name=\"twitter:data1\" content=\"2\u00a0Minuten\" \/>\n<script type=\"application\/ld+json\" class=\"yoast-schema-graph\">{\"@context\":\"https:\/\/schema.org\",\"@graph\":[{\"@type\":\"WebPage\",\"@id\":\"https:\/\/mainstageconsulting.com\/de\/impressum\/\",\"url\":\"https:\/\/mainstageconsulting.com\/de\/impressum\/\",\"name\":\"Impressum\",\"isPartOf\":{\"@id\":\"https:\/\/mainstageconsulting.com\/#website\"},\"primaryImageOfPage\":{\"@id\":\"https:\/\/mainstageconsulting.com\/de\/impressum\/#primaryimage\"},\"image\":{\"@id\":\"https:\/\/mainstageconsulting.com\/de\/impressum\/#primaryimage\"},\"thumbnailUrl\":\"https:\/\/mainstageconsulting.com\/wp-content\/uploads\/2017\/12\/architecture-768432_1920.jpg\",\"datePublished\":\"2017-11-04T11:32:25+00:00\",\"dateModified\":\"2025-07-05T20:18:45+00:00\",\"description\":\"We are experts in consulting, technology and innovation, working with businesses and governments worldwide.\",\"breadcrumb\":{\"@id\":\"https:\/\/mainstageconsulting.com\/de\/impressum\/#breadcrumb\"},\"inLanguage\":\"de\",\"potentialAction\":[{\"@type\":\"ReadAction\",\"target\":[\"https:\/\/mainstageconsulting.com\/de\/impressum\/\"]}]},{\"@type\":\"ImageObject\",\"inLanguage\":\"de\",\"@id\":\"https:\/\/mainstageconsulting.com\/de\/impressum\/#primaryimage\",\"url\":\"https:\/\/mainstageconsulting.com\/wp-content\/uploads\/2017\/12\/architecture-768432_1920.jpg\",\"contentUrl\":\"https:\/\/mainstageconsulting.com\/wp-content\/uploads\/2017\/12\/architecture-768432_1920.jpg\",\"width\":1920,\"height\":1279},{\"@type\":\"BreadcrumbList\",\"@id\":\"https:\/\/mainstageconsulting.com\/de\/impressum\/#breadcrumb\",\"itemListElement\":[{\"@type\":\"ListItem\",\"position\":1,\"name\":\"Home\",\"item\":\"https:\/\/mainstageconsulting.com\/de\/\"},{\"@type\":\"ListItem\",\"position\":2,\"name\":\"Impressum\"}]},{\"@type\":\"WebSite\",\"@id\":\"https:\/\/mainstageconsulting.com\/#website\",\"url\":\"https:\/\/mainstageconsulting.com\/\",\"name\":\"\",\"description\":\"\",\"potentialAction\":[{\"@type\":\"SearchAction\",\"target\":{\"@type\":\"EntryPoint\",\"urlTemplate\":\"https:\/\/mainstageconsulting.com\/?s={search_term_string}\"},\"query-input\":{\"@type\":\"PropertyValueSpecification\",\"valueRequired\":true,\"valueName\":\"search_term_string\"}}],\"inLanguage\":\"de\"}]}<\/script>\n<!-- \/ Yoast SEO plugin. -->","yoast_head_json":{"title":"Impressum","description":"We are experts in consulting, technology and innovation, working with businesses and governments worldwide.","robots":{"index":"index","follow":"follow","max-snippet":"max-snippet:-1","max-image-preview":"max-image-preview:large","max-video-preview":"max-video-preview:-1"},"canonical":"https:\/\/mainstageconsulting.com\/de\/impressum\/","og_locale":"de_DE","og_type":"article","og_title":"Impressum","og_description":"We are experts in consulting, technology and innovation, working with businesses and governments worldwide.","og_url":"https:\/\/mainstageconsulting.com\/de\/impressum\/","article_modified_time":"2025-07-05T20:18:45+00:00","og_image":[{"width":1920,"height":1279,"url":"https:\/\/mainstageconsulting.com\/wp-content\/uploads\/2017\/12\/architecture-768432_1920.jpg","type":"image\/jpeg"}],"twitter_card":"summary_large_image","twitter_misc":{"Gesch\u00e4tzte Lesezeit":"2\u00a0Minuten"},"schema":{"@context":"https:\/\/schema.org","@graph":[{"@type":"WebPage","@id":"https:\/\/mainstageconsulting.com\/de\/impressum\/","url":"https:\/\/mainstageconsulting.com\/de\/impressum\/","name":"Impressum","isPartOf":{"@id":"https:\/\/mainstageconsulting.com\/#website"},"primaryImageOfPage":{"@id":"https:\/\/mainstageconsulting.com\/de\/impressum\/#primaryimage"},"image":{"@id":"https:\/\/mainstageconsulting.com\/de\/impressum\/#primaryimage"},"thumbnailUrl":"https:\/\/mainstageconsulting.com\/wp-content\/uploads\/2017\/12\/architecture-768432_1920.jpg","datePublished":"2017-11-04T11:32:25+00:00","dateModified":"2025-07-05T20:18:45+00:00","description":"We are experts in consulting, technology and innovation, working with businesses and governments worldwide.","breadcrumb":{"@id":"https:\/\/mainstageconsulting.com\/de\/impressum\/#breadcrumb"},"inLanguage":"de","potentialAction":[{"@type":"ReadAction","target":["https:\/\/mainstageconsulting.com\/de\/impressum\/"]}]},{"@type":"ImageObject","inLanguage":"de","@id":"https:\/\/mainstageconsulting.com\/de\/impressum\/#primaryimage","url":"https:\/\/mainstageconsulting.com\/wp-content\/uploads\/2017\/12\/architecture-768432_1920.jpg","contentUrl":"https:\/\/mainstageconsulting.com\/wp-content\/uploads\/2017\/12\/architecture-768432_1920.jpg","width":1920,"height":1279},{"@type":"BreadcrumbList","@id":"https:\/\/mainstageconsulting.com\/de\/impressum\/#breadcrumb","itemListElement":[{"@type":"ListItem","position":1,"name":"Home","item":"https:\/\/mainstageconsulting.com\/de\/"},{"@type":"ListItem","position":2,"name":"Impressum"}]},{"@type":"WebSite","@id":"https:\/\/mainstageconsulting.com\/#website","url":"https:\/\/mainstageconsulting.com\/","name":"","description":"","potentialAction":[{"@type":"SearchAction","target":{"@type":"EntryPoint","urlTemplate":"https:\/\/mainstageconsulting.com\/?s={search_term_string}"},"query-input":{"@type":"PropertyValueSpecification","valueRequired":true,"valueName":"search_term_string"}}],"inLanguage":"de"}]}},"_links":{"self":[{"href":"https:\/\/mainstageconsulting.com\/de\/wp-json\/wp\/v2\/pages\/2693","targetHints":{"allow":["GET"]}}],"collection":[{"href":"https:\/\/mainstageconsulting.com\/de\/wp-json\/wp\/v2\/pages"}],"about":[{"href":"https:\/\/mainstageconsulting.com\/de\/wp-json\/wp\/v2\/types\/page"}],"author":[{"embeddable":true,"href":"https:\/\/mainstageconsulting.com\/de\/wp-json\/wp\/v2\/users\/1"}],"replies":[{"embeddable":true,"href":"https:\/\/mainstageconsulting.com\/de\/wp-json\/wp\/v2\/comments?post=2693"}],"version-history":[{"count":11,"href":"https:\/\/mainstageconsulting.com\/de\/wp-json\/wp\/v2\/pages\/2693\/revisions"}],"predecessor-version":[{"id":3888,"href":"https:\/\/mainstageconsulting.com\/de\/wp-json\/wp\/v2\/pages\/2693\/revisions\/3888"}],"wp:featuredmedia":[{"embeddable":true,"href":"https:\/\/mainstageconsulting.com\/de\/wp-json\/wp\/v2\/media\/2895"}],"wp:attachment":[{"href":"https:\/\/mainstageconsulting.com\/de\/wp-json\/wp\/v2\/media?parent=2693"}],"curies":[{"name":"wp","href":"https:\/\/api.w.org\/{rel}","templated":true}]}}