{"id":2783,"date":"2017-11-16T15:47:45","date_gmt":"2017-11-16T15:47:45","guid":{"rendered":"http:\/\/www.mainstageconsulting.com\/bing\/"},"modified":"2019-03-03T15:50:52","modified_gmt":"2019-03-03T15:50:52","slug":"bing","status":"publish","type":"page","link":"https:\/\/mainstageconsulting.com\/de\/bing\/","title":{"rendered":"Bing Wang Xing"},"content":{"rendered":"<section id=\"bt_section69f285055319f\"  class=\"boldSection topSpaced bottomSemiSpaced btLightSkin gutter inherit\" ><div class=\"port\"><div class=\"boldCell\"><div class=\"boldCellInner\"><div class=\"boldRow \" ><div class=\"boldRowInner\"><div class=\"rowItem col-md-9 col-ms-12  btTextLeft inherit\"  data-width=\"9\"><div class=\"rowItemContent\" ><header class=\"header btClear small\" ><div class=\"btSuperTitle\"><span>ASSOCIATE CONSULTANT<\/span><\/div><\/header><header class=\"header btClear large\" ><div class=\"dash\"><h2><span class=\"headline\">Bing <b class=\"animate\">Wang Xing<\/b><\/span><\/h2><\/div><div class=\"btSubTitle\">Bing Wang Xing is an experienced business leader, facilitator, coach and coach supervisor. She thrives on supporting her clients to make positive changes for themselves, their team and their organisation.<\/div><\/header><div class=\"btClear btSeparator bottomSemiSpaced noBorder\" ><hr><\/div><\/div><\/div><div class=\"rowItem col-md-3 col-sm-6 col-ms-12 btTextLeft inherit btTextIndent\"  data-width=\"3\"><div class=\"rowItemContent\" ><header class=\"header btClear small\" ><div class=\"btSuperTitle\"><span>KONTAKTIEREN SIE MICH<\/span><\/div><\/header><a href=\"mailto:bing@mainstageconsulting.com\" class=\"btBtn btBtn btnOutlineStyle btnNormalColor btnSmall btnNormalWidth btnRightPosition btnNoIcon\" ><span class=\"btnInnerText\">Email<\/span><\/a><div class=\"btClear btSeparator bottomExtraSmallSpaced noBorder\" ><hr><\/div><div class=\"btClear btSeparator topSmallSpaced bottomSmallSpaced noBorder\" ><hr><\/div><header class=\"header btClear small\" ><div class=\"btSuperTitle\"><span>ERFAHRUNG<\/span><\/div><div class=\"dash\"><h4><span class=\"headline\">+6 Jahre<\/span><\/h4><\/div><\/header><div class=\"btClear btSeparator bottomSmallSpaced noBorder\" ><hr><\/div><header class=\"header btClear small\" ><div class=\"btSuperTitle\"><span>WOHNORT<\/span><\/div><div class=\"dash\"><h4><span class=\"headline\">Paris, Frankreich<\/span><\/h4><\/div><\/header><div class=\"btClear btSeparator bottomSemiSpaced noBorder\" ><hr><\/div><\/div><\/div><\/div><\/div><div class=\"boldRow \" ><div class=\"boldRowInner\"><div class=\"rowItem col-md-6 col-sm-12 btTextLeft inherit\"  data-width=\"6\"><div class=\"rowItemContent\" ><header class=\"header btClear medium\" ><div class=\"dash\"><h3><span class=\"headline\">Ausbildung<\/span><\/h3><\/div><\/header><div class=\"btClear btSeparator bottomSmallSpaced noBorder\" ><hr><\/div><div class=\"btText\" ><\/p>\n<p>Bing verf\u00fcgt \u00fcber langj\u00e4hrige Erfahrung in den Bereichen Marketing, Webdesign, Internetmarketing, Social Media und Account Management. Sie ist eine stolze Absolventin der Westminster University mit einem Bachelor in Industrial Technology.<\/p>\n<p><span id=\"result_box\" class=\"\" lang=\"de\" tabindex=\"-1\">Bing nutzt ihre Erfahrung als Unternehmensberaterin und Trainerin, um Einzelpersonen und Teams bei der Optimierung ihrer Effektivit\u00e4t zu unterst\u00fctzen.<\/span><\/p>\n<p><span id=\"result_box\" class=\"\" lang=\"de\" tabindex=\"-1\">Bing bringt einen neuen Trainings- und Coachingansatz mit, der es ihr erm\u00f6glicht, sich auf allen Ebenen und in allen Branchen hervorragend zu verbinden.<\/span> Engagiert und sympathisch, holt sie das Beste aus den Menschen und liebt es, mit Gruppen zu arbeiten, die lernen m\u00f6chten, ihre Grenzen zu \u00fcberschreiten und sich gerne inspirieren lassen.<\/p>\n<p><span id=\"result_box\" class=\"\" lang=\"de\" tabindex=\"-1\">Bing ist auf den Aufbau von Gesch\u00e4ftsbeziehungen f\u00fcr leitendende Angestellte, Unternehmensberater und Psychologen spezialisiert.<\/span><\/p>\n<p>\n<\/div><div class=\"btClear btSeparator topSmallSpaced bottomSmallSpaced noBorder\" ><hr><\/div><header class=\"header btClear medium\" ><div class=\"dash\"><h3><span class=\"headline\">Zertifizierungen<\/span><\/h3><\/div><\/header><div class=\"btClear btSeparator bottomSmallSpaced noBorder\" ><hr><\/div><div class=\"btText\" ><\/p>\n<p>Executive Coach (Europ\u00e4ischer Rat f\u00fcr Mentoring und Coaching)<br \/>\nInstitut f\u00fcr Unternehmensberatung (Singapur), Registrierter Unternehmensberater (RMC)<\/p>\n<p>\n<\/div><div class=\"btClear btSeparator bottomSmallSpaced noBorder\" ><hr><\/div><div class=\"btText\" ><\/div><div class=\"btClear btSeparator bottomSemiSpaced noBorder\" ><hr><\/div><\/div><\/div><div class=\"rowItem col-md-6 col-sm-12 btTextLeft inherit\"  data-width=\"6\"><div class=\"rowItemContent\" ><header class=\"header btClear medium\" ><div class=\"dash\"><h3><span class=\"headline\">Spezialgebiete<\/span><\/h3><\/div><\/header><div class=\"btClear btSeparator bottomSmallSpaced noBorder\" ><hr><\/div><div class=\"btText\" ><\/p>\n<table style=\"border-color: #ffffff; width: 427.867px;\" border=\"0\">\n<tbody>\n<tr>\n<td style=\"width: 212px;\">\n<div class=\"column\">\n<ul>\n<li>Kreditrisiko-Funktion<em>en<\/em><\/li>\n<li>Unternehmensberatung<strong><br \/>\n<\/strong><\/li>\n<li>Mergers &amp; Acquisitions<\/li>\n<li>Kreditb\u00fcro<\/li>\n<\/ul>\n<\/div>\n<\/td>\n<td style=\"width: 198.867px;\">\n<ul>\n<li>Beratungspsychologie<\/li>\n<li>Branding<\/li>\n<li>Projektmanagement<\/li>\n<\/ul>\n<\/td>\n<\/tr>\n<\/tbody>\n<\/table>\n<p>\n<\/div><div class=\"btClear btSeparator topSmallSpaced bottomSmallSpaced noBorder\" ><hr><\/div><\/div><\/div><\/div><\/div><div class=\"boldRow \" ><div class=\"boldRowInner\"><\/div><\/div><div class=\"boldRow \" ><div class=\"boldRowInner\"><\/div><\/div><\/div><\/div><\/div><\/section>\n","protected":false},"excerpt":{"rendered":"ASSOCIATE CONSULTANTBing Wang XingBing Wang Xing is an experienced business leader, facilitator, coach and coach supervisor. She thrives on supporting her clients to make positive changes for themselves, their team and their organisation.KONTAKTIEREN SIE MICHEmailERFAHRUNG+6 JahreWOHNORTParis, FrankreichAusbildungBing verf\u00fcgt \u00fcber langj\u00e4hrige Erfahrung in den Bereichen Marketing, Webdesign, Internetmarketing, Social Media und Account Management. Sie ist eine [...]","protected":false},"author":1,"featured_media":2951,"parent":0,"menu_order":0,"comment_status":"closed","ping_status":"closed","template":"","meta":{"footnotes":""},"class_list":["post-2783","page","type-page","status-publish","has-post-thumbnail","hentry"],"yoast_head":"<!-- This site is optimized with the Yoast SEO plugin v25.4 - https:\/\/yoast.com\/wordpress\/plugins\/seo\/ -->\n<title>Bing Wang Xing | Mainstage Consulting<\/title>\n<meta name=\"description\" content=\"Bing brings a fresh approach to training and coaching that allows her to connect well at all levels and across industry sectors.\" \/>\n<meta name=\"robots\" content=\"index, follow, max-snippet:-1, max-image-preview:large, max-video-preview:-1\" \/>\n<link rel=\"canonical\" href=\"https:\/\/mainstageconsulting.com\/de\/bing\/\" \/>\n<meta property=\"og:locale\" content=\"de_DE\" \/>\n<meta property=\"og:type\" content=\"article\" \/>\n<meta property=\"og:title\" content=\"Bing Wang Xing | Mainstage Consulting\" \/>\n<meta property=\"og:description\" content=\"Bing brings a fresh approach to training and coaching that allows her to connect well at all levels and across industry sectors.\" \/>\n<meta property=\"og:url\" content=\"https:\/\/mainstageconsulting.com\/de\/bing\/\" \/>\n<meta property=\"article:modified_time\" content=\"2019-03-03T15:50:52+00:00\" \/>\n<meta property=\"og:image\" content=\"https:\/\/mainstageconsulting.com\/wp-content\/uploads\/2017\/12\/vienna-1767494_1920.jpg\" \/>\n\t<meta property=\"og:image:width\" content=\"1920\" \/>\n\t<meta property=\"og:image:height\" content=\"1390\" \/>\n\t<meta property=\"og:image:type\" content=\"image\/jpeg\" \/>\n<meta name=\"twitter:card\" content=\"summary_large_image\" \/>\n<meta name=\"twitter:label1\" content=\"Gesch\u00e4tzte Lesezeit\" \/>\n\t<meta name=\"twitter:data1\" content=\"4\u00a0Minuten\" \/>\n<script type=\"application\/ld+json\" class=\"yoast-schema-graph\">{\"@context\":\"https:\/\/schema.org\",\"@graph\":[{\"@type\":\"WebPage\",\"@id\":\"https:\/\/mainstageconsulting.com\/de\/bing\/\",\"url\":\"https:\/\/mainstageconsulting.com\/de\/bing\/\",\"name\":\"Bing Wang Xing | Mainstage Consulting\",\"isPartOf\":{\"@id\":\"https:\/\/mainstageconsulting.com\/#website\"},\"primaryImageOfPage\":{\"@id\":\"https:\/\/mainstageconsulting.com\/de\/bing\/#primaryimage\"},\"image\":{\"@id\":\"https:\/\/mainstageconsulting.com\/de\/bing\/#primaryimage\"},\"thumbnailUrl\":\"https:\/\/mainstageconsulting.com\/wp-content\/uploads\/2017\/12\/vienna-1767494_1920.jpg\",\"datePublished\":\"2017-11-16T15:47:45+00:00\",\"dateModified\":\"2019-03-03T15:50:52+00:00\",\"description\":\"Bing brings a fresh approach to training and coaching that allows her to connect well at all levels and across industry sectors.\",\"breadcrumb\":{\"@id\":\"https:\/\/mainstageconsulting.com\/de\/bing\/#breadcrumb\"},\"inLanguage\":\"de\",\"potentialAction\":[{\"@type\":\"ReadAction\",\"target\":[\"https:\/\/mainstageconsulting.com\/de\/bing\/\"]}]},{\"@type\":\"ImageObject\",\"inLanguage\":\"de\",\"@id\":\"https:\/\/mainstageconsulting.com\/de\/bing\/#primaryimage\",\"url\":\"https:\/\/mainstageconsulting.com\/wp-content\/uploads\/2017\/12\/vienna-1767494_1920.jpg\",\"contentUrl\":\"https:\/\/mainstageconsulting.com\/wp-content\/uploads\/2017\/12\/vienna-1767494_1920.jpg\",\"width\":1920,\"height\":1390},{\"@type\":\"BreadcrumbList\",\"@id\":\"https:\/\/mainstageconsulting.com\/de\/bing\/#breadcrumb\",\"itemListElement\":[{\"@type\":\"ListItem\",\"position\":1,\"name\":\"Home\",\"item\":\"https:\/\/mainstageconsulting.com\/de\/\"},{\"@type\":\"ListItem\",\"position\":2,\"name\":\"Bing Wang Xing\"}]},{\"@type\":\"WebSite\",\"@id\":\"https:\/\/mainstageconsulting.com\/#website\",\"url\":\"https:\/\/mainstageconsulting.com\/\",\"name\":\"\",\"description\":\"\",\"potentialAction\":[{\"@type\":\"SearchAction\",\"target\":{\"@type\":\"EntryPoint\",\"urlTemplate\":\"https:\/\/mainstageconsulting.com\/?s={search_term_string}\"},\"query-input\":{\"@type\":\"PropertyValueSpecification\",\"valueRequired\":true,\"valueName\":\"search_term_string\"}}],\"inLanguage\":\"de\"}]}<\/script>\n<!-- \/ Yoast SEO plugin. -->","yoast_head_json":{"title":"Bing Wang Xing | Mainstage Consulting","description":"Bing brings a fresh approach to training and coaching that allows her to connect well at all levels and across industry sectors.","robots":{"index":"index","follow":"follow","max-snippet":"max-snippet:-1","max-image-preview":"max-image-preview:large","max-video-preview":"max-video-preview:-1"},"canonical":"https:\/\/mainstageconsulting.com\/de\/bing\/","og_locale":"de_DE","og_type":"article","og_title":"Bing Wang Xing | Mainstage Consulting","og_description":"Bing brings a fresh approach to training and coaching that allows her to connect well at all levels and across industry sectors.","og_url":"https:\/\/mainstageconsulting.com\/de\/bing\/","article_modified_time":"2019-03-03T15:50:52+00:00","og_image":[{"width":1920,"height":1390,"url":"https:\/\/mainstageconsulting.com\/wp-content\/uploads\/2017\/12\/vienna-1767494_1920.jpg","type":"image\/jpeg"}],"twitter_card":"summary_large_image","twitter_misc":{"Gesch\u00e4tzte Lesezeit":"4\u00a0Minuten"},"schema":{"@context":"https:\/\/schema.org","@graph":[{"@type":"WebPage","@id":"https:\/\/mainstageconsulting.com\/de\/bing\/","url":"https:\/\/mainstageconsulting.com\/de\/bing\/","name":"Bing Wang Xing | Mainstage Consulting","isPartOf":{"@id":"https:\/\/mainstageconsulting.com\/#website"},"primaryImageOfPage":{"@id":"https:\/\/mainstageconsulting.com\/de\/bing\/#primaryimage"},"image":{"@id":"https:\/\/mainstageconsulting.com\/de\/bing\/#primaryimage"},"thumbnailUrl":"https:\/\/mainstageconsulting.com\/wp-content\/uploads\/2017\/12\/vienna-1767494_1920.jpg","datePublished":"2017-11-16T15:47:45+00:00","dateModified":"2019-03-03T15:50:52+00:00","description":"Bing brings a fresh approach to training and coaching that allows her to connect well at all levels and across industry sectors.","breadcrumb":{"@id":"https:\/\/mainstageconsulting.com\/de\/bing\/#breadcrumb"},"inLanguage":"de","potentialAction":[{"@type":"ReadAction","target":["https:\/\/mainstageconsulting.com\/de\/bing\/"]}]},{"@type":"ImageObject","inLanguage":"de","@id":"https:\/\/mainstageconsulting.com\/de\/bing\/#primaryimage","url":"https:\/\/mainstageconsulting.com\/wp-content\/uploads\/2017\/12\/vienna-1767494_1920.jpg","contentUrl":"https:\/\/mainstageconsulting.com\/wp-content\/uploads\/2017\/12\/vienna-1767494_1920.jpg","width":1920,"height":1390},{"@type":"BreadcrumbList","@id":"https:\/\/mainstageconsulting.com\/de\/bing\/#breadcrumb","itemListElement":[{"@type":"ListItem","position":1,"name":"Home","item":"https:\/\/mainstageconsulting.com\/de\/"},{"@type":"ListItem","position":2,"name":"Bing Wang Xing"}]},{"@type":"WebSite","@id":"https:\/\/mainstageconsulting.com\/#website","url":"https:\/\/mainstageconsulting.com\/","name":"","description":"","potentialAction":[{"@type":"SearchAction","target":{"@type":"EntryPoint","urlTemplate":"https:\/\/mainstageconsulting.com\/?s={search_term_string}"},"query-input":{"@type":"PropertyValueSpecification","valueRequired":true,"valueName":"search_term_string"}}],"inLanguage":"de"}]}},"_links":{"self":[{"href":"https:\/\/mainstageconsulting.com\/de\/wp-json\/wp\/v2\/pages\/2783","targetHints":{"allow":["GET"]}}],"collection":[{"href":"https:\/\/mainstageconsulting.com\/de\/wp-json\/wp\/v2\/pages"}],"about":[{"href":"https:\/\/mainstageconsulting.com\/de\/wp-json\/wp\/v2\/types\/page"}],"author":[{"embeddable":true,"href":"https:\/\/mainstageconsulting.com\/de\/wp-json\/wp\/v2\/users\/1"}],"replies":[{"embeddable":true,"href":"https:\/\/mainstageconsulting.com\/de\/wp-json\/wp\/v2\/comments?post=2783"}],"version-history":[{"count":7,"href":"https:\/\/mainstageconsulting.com\/de\/wp-json\/wp\/v2\/pages\/2783\/revisions"}],"predecessor-version":[{"id":3299,"href":"https:\/\/mainstageconsulting.com\/de\/wp-json\/wp\/v2\/pages\/2783\/revisions\/3299"}],"wp:featuredmedia":[{"embeddable":true,"href":"https:\/\/mainstageconsulting.com\/de\/wp-json\/wp\/v2\/media\/2951"}],"wp:attachment":[{"href":"https:\/\/mainstageconsulting.com\/de\/wp-json\/wp\/v2\/media?parent=2783"}],"curies":[{"name":"wp","href":"https:\/\/api.w.org\/{rel}","templated":true}]}}