{"id":2787,"date":"2016-07-12T10:12:22","date_gmt":"2016-07-12T10:12:22","guid":{"rendered":"http:\/\/www.mainstageconsulting.com\/our-services\/"},"modified":"2020-04-08T12:01:04","modified_gmt":"2020-04-08T12:01:04","slug":"dienstleistungen","status":"publish","type":"page","link":"https:\/\/mainstageconsulting.com\/de\/dienstleistungen\/","title":{"rendered":"Dienstleistungen"},"content":{"rendered":"<section id=\"bt_section69f299bcd827a\"  class=\"boldSection gutter\" ><div class=\"port\"><div class=\"boldCell\"><div class=\"boldCellInner\"><div class=\"boldRow \" ><div class=\"boldRowInner\"><div class=\"rowItem col-md-3 col-sm-6 col-ms-12 btTextLeft\"  data-width=\"3\"><div class=\"rowItemContent\" ><\/div><\/div><div class=\"rowItem col-md-6 col-sm-12 btTextCenter animate animate-fadein inherit\"  data-width=\"6\"><div class=\"rowItemContent\" ><header class=\"header btClear extralarge\" ><div class=\"btSuperTitle\"><span>WHAT WE DO<\/span><\/div><div class=\"dash\"><h1><span class=\"headline\">Our Expertize &amp; Services<\/span><\/h1><\/div><div class=\"btSubTitle\">Sky is the Limit<\/div><\/header><div class=\"btClear btSeparator bottomSemiSpaced noBorder\" ><hr><\/div><\/div><\/div><div class=\"rowItem col-md-3 col-sm-6 col-ms-12 btTextLeft\"  data-width=\"3\"><div class=\"rowItemContent\" ><\/div><\/div><\/div><\/div><div class=\"boldRow \" ><div class=\"boldRowInner\"><div class=\"rowItem col-md-6 col-sm-12 btTextLeft\"  data-width=\"6\"><div class=\"rowItemContent\" ><div class=\"btTabs tabsVertical\"><ul class=\"tabsHeader\"><li><span>Strategische Unternehmensf\u00fchrung<\/span><\/li><\/ul><div class=\"tabPanes accordionPanes\"><div class=\"tabPane\">\r\n\t\t\t<div class=\"tabAccordionTitle\"><span>Strategische Unternehmensf\u00fchrung<\/span><\/div>\r\n\t\t\t<div class=\"tabAccordionContent\"><div class=\"btText\" ><\/p>\n<p>Strategieentwicklung<br \/>\nStrategische Unternehmensplanung<br \/>\n(Digitale-\/Analoge) Gesch\u00e4ftsmodell-Entwicklung Business Transformation<br \/>\nManagement-Informationssysteme Kommunikationsstrategie<br \/>\nLeitbild-Entwicklung<br \/>\nCorporate Identy, Corporate Design, Corporate Culture Compliance Management, Anti Fraud Management<br \/>\nBeratung bei Unternehmensgr\u00fcndungen, -umwandlungen, -nachfolgen, -verk\u00e4ufen, -\u00fcbernahmen und \u2013liquidationen<br \/>\nMerger &amp; Acquisition, Post Merger Integration Management Buy-Out, Management Buy-In<br \/>\nKooperationen\/Joint Ventures<\/p>\n<p>\n<\/div><\/div>\r\n\t\t<\/div><\/div><\/div><\/div><\/div><div class=\"rowItem col-md-6 col-sm-12 btTextLeft\"  data-width=\"6\"><div class=\"rowItemContent\" ><div class=\"btTabs tabsVertical\"><ul class=\"tabsHeader\"><li><span>Betriebswirtschaftliche Belange<\/span><\/li><\/ul><div class=\"tabPanes accordionPanes\"><div class=\"tabPane\">\r\n\t\t\t<div class=\"tabAccordionTitle\"><span>Betriebswirtschaftliche Belange<\/span><\/div>\r\n\t\t\t<div class=\"tabAccordionContent\"><div class=\"btText\" ><\/p>\n<p>Strategisches und operatives Controlling<br \/>\nUnternehmensanalyse (Schwachstellenanalyse), Kostenoptimierung<br \/>\nUnternehmensfinanzierung, Beratung bei der Kapitalbeschaffung, Beratung zu nationalen bzw. internationalen F\u00f6rderungen<br \/>\nWirtschaftlichkeitsanalyse<br \/>\nBetriebswirtschaftliche Datenanalyse\/Business Intelligence Unternehmensbewertung<br \/>\nDue Diligence<br \/>\nFortbestandsprognose laut Insolvenzrecht<\/p>\n<p>\n<\/div><\/div>\r\n\t\t<\/div><\/div><\/div><\/div><\/div><\/div><\/div><\/div><\/div><\/div><\/section><section id=\"bt_section69f299bcd89c4\"  class=\"boldSection gutter\" ><div class=\"port\"><div class=\"boldCell\"><div class=\"boldCellInner\"><div class=\"boldRow \" ><div class=\"boldRowInner\"><div class=\"rowItem col-md-6 col-sm-12 btTextLeft\"  data-width=\"6\"><div class=\"rowItemContent\" ><div class=\"btTabs tabsVertical\"><ul class=\"tabsHeader\"><li><span>Marketing und Vertrieb<\/span><\/li><\/ul><div class=\"tabPanes accordionPanes\"><div class=\"tabPane\">\r\n\t\t\t<div class=\"tabAccordionTitle\"><span>Marketing und Vertrieb<\/span><\/div>\r\n\t\t\t<div class=\"tabAccordionContent\"><div class=\"btText\" ><\/p>\n<p>Marktanalyse, -beobachtung und -prognose Strategische Marketingplanung<br \/>\nEntwicklung von Marketingkonzepten und -strategien Marktkommunikation<br \/>\nMarketing-Controlling<br \/>\nInnovationsmarketing und Diversifikation<br \/>\nProduktmanagement, Angebotsoptimierung Vertriebsplanung und -steuerung<br \/>\nCustomer Relationship Management (CRM)<br \/>\nAufbau und Weiterentwicklung von Vertriebsorganisationen Verkaufsschulungen<br \/>\nRealisierung von Auftragsabwicklungsorganisationen Franchise-Konzepte<br \/>\nStandortanalysen und -politik Markenpolitik<br \/>\nPreis- und Konditionenpolitik Lizenzpolitik<br \/>\nPatentverwertung Markterschlie\u00dfung<br \/>\nExportberatung, Beratung in au\u00dfenwirtschaftlichen Belangen<br \/>\nBeratung zur Entwicklung nationaler und internationaler Kooperationen<br \/>\nDigitales Marketing (CRM, Big Data, Customer Journeys, Social Media Marketing) Digitaler Vertrieb (e-commerce)<\/p>\n<p>\n<\/div><\/div>\r\n\t\t<\/div><\/div><\/div><\/div><\/div><div class=\"rowItem col-md-6 col-sm-12 btTextLeft\"  data-width=\"6\"><div class=\"rowItemContent\" ><div class=\"btTabs tabsVertical\"><ul class=\"tabsHeader\"><li><span>Unternehmensorganisation<\/span><\/li><\/ul><div class=\"tabPanes accordionPanes\"><div class=\"tabPane\">\r\n\t\t\t<div class=\"tabAccordionTitle\"><span>Unternehmensorganisation<\/span><\/div>\r\n\t\t\t<div class=\"tabAccordionContent\"><div class=\"btText\" ><\/p>\n<ul>\n<li>Strukturierung von Unternehmen (Gestaltung der Aufbauorganisation)<\/li>\n<li>Prozessmanagement (Gestaltung der Ablauforganisation)<\/li>\n<li>Informationsmanagement<\/li>\n<li>Spezifikation, Auswahl und Implementierung von Informationssystemen<\/li>\n<li>Organisationsentwicklung<\/li>\n<li>Ver\u00e4nderungsbegleitung, Change Management<\/li>\n<li>Unternehmensoptimierung<\/li>\n<li>Qualit\u00e4tsmanagement, Qualit\u00e4tsmanagementsysteme<\/li>\n<li>Betriebliche Kommunikation<\/li>\n<li>Dokumentation, Archivierung, Wissensmanagement<\/li>\n<li>B\u00fcroraumplanung und Arbeitsplatzgestaltung<\/li>\n<li>Beratung in arbeitstechnischen Fragen<\/li>\n<\/ul>\n<p>\n<\/div><\/div>\r\n\t\t<\/div><\/div><\/div><\/div><\/div><\/div><\/div><\/div><\/div><\/div><\/section><section id=\"bt_section69f299bcd8e07\"  class=\"boldSection gutter\" ><div class=\"port\"><div class=\"boldCell\"><div class=\"boldCellInner\"><div class=\"boldRow \" ><div class=\"boldRowInner\"><div class=\"rowItem col-md-6 col-sm-12 btTextLeft\"  data-width=\"6\"><div class=\"rowItemContent\" ><div class=\"btTabs tabsVertical\"><ul class=\"tabsHeader\"><li><span>Finance and Accounting<\/span><\/li><\/ul><div class=\"tabPanes accordionPanes\"><div class=\"tabPane\">\r\n\t\t\t<div class=\"tabAccordionTitle\"><span>Finance and Accounting<\/span><\/div>\r\n\t\t\t<div class=\"tabAccordionContent\"><div class=\"btText\" ><\/p>\n<ul>\n<li>Balance Sheet Analysis<\/li>\n<li>Creation of Target Achievement and Business Results Calculations Cost Compilation and Calculation<\/li>\n<li>Forecast Calculation\/Budgeting\/Investment Calculation<\/li>\n<li>Tax Law and Fiscal Measures Review<\/li>\n<\/ul>\n<p>\n<\/div><\/div>\r\n\t\t<\/div><\/div><\/div><\/div><\/div><div class=\"rowItem col-md-6 col-sm-12 btTextLeft\"  data-width=\"6\"><div class=\"rowItemContent\" ><div class=\"btTabs tabsVertical\"><ul class=\"tabsHeader\"><li><span>Personnel Development<\/span><\/li><\/ul><div class=\"tabPanes accordionPanes\"><div class=\"tabPane\">\r\n\t\t\t<div class=\"tabAccordionTitle\"><span>Personnel Development<\/span><\/div>\r\n\t\t\t<div class=\"tabAccordionContent\"><div class=\"btText\" ><\/p>\n<ul>\n<li>Suitability and Talent Resource Exploration<\/li>\n<li>Employee Development Programs<\/li>\n<li>Career Planning<\/li>\n<li>Successor Planning<\/li>\n<li>Mentoring and Coaching o Supervision<\/li>\n<li>Development of Training and Continued Training Concepts<\/li>\n<\/ul>\n<p>\n<\/div><\/div>\r\n\t\t<\/div><\/div><\/div><\/div><\/div><\/div><\/div><\/div><\/div><\/div><\/section><section id=\"bt_section69f299bcd9148\"  class=\"boldSection gutter\" ><div class=\"port\"><div class=\"boldCell\"><div class=\"boldCellInner\"><div class=\"boldRow \" ><div class=\"boldRowInner\"><div class=\"rowItem col-md-6 col-sm-12 btTextLeft\"  data-width=\"6\"><div class=\"rowItemContent\" ><div class=\"btTabs tabsVertical\"><ul class=\"tabsHeader\"><li><span>Personnel Marketing<\/span><\/li><\/ul><div class=\"tabPanes accordionPanes\"><div class=\"tabPane\">\r\n\t\t\t<div class=\"tabAccordionTitle\"><span>Personnel Marketing<\/span><\/div>\r\n\t\t\t<div class=\"tabAccordionContent\"><div class=\"btText\" ><\/p>\n<ul>\n<li>Labor Market and Job Research<\/li>\n<li>Employer Branding<\/li>\n<li>Recruiting and Selection of Employees<\/li>\n<li>Introduction and Orientation of New Hires<\/li>\n<li>Job Placement according to the Commercial and Labor Codes<\/li>\n<li>Outplacement Consulting<\/li>\n<li>Outsourcing of Operations to Eastern Europe and Asia<\/li>\n<\/ul>\n<p>\n<\/div><\/div>\r\n\t\t<\/div><\/div><\/div><\/div><\/div><div class=\"rowItem col-md-6 col-sm-12 btTextLeft\"  data-width=\"6\"><div class=\"rowItemContent\" ><div class=\"btTabs tabsVertical\"><ul class=\"tabsHeader\"><\/ul><div class=\"tabPanes accordionPanes\"><\/div><\/div><div class=\"btTabs tabsVertical\"><ul class=\"tabsHeader\"><li><span>E-Business \/ Business Development<\/span><\/li><\/ul><div class=\"tabPanes accordionPanes\"><div class=\"tabPane\">\r\n\t\t\t<div class=\"tabAccordionTitle\"><span>E-Business \/ Business Development<\/span><\/div>\r\n\t\t\t<div class=\"tabAccordionContent\"><div class=\"btText\" ><\/p>\n<ul>\n<li>Start Up Service<\/li>\n<li>Seed Capital<\/li>\n<li>Business Plan Writing<\/li>\n<li>Fundraising<\/li>\n<li>Brand &amp; Product Development<\/li>\n<li>Business Development<\/li>\n<li>E-Business Development<\/li>\n<li>Online Marketing<\/li>\n<li>Outsourcing<\/li>\n<li>Online Business Development<\/li>\n<li>Exit Plan<\/li>\n<\/ul>\n<p>\n<\/div><\/div>\r\n\t\t<\/div><\/div><\/div><\/div><\/div><\/div><\/div><\/div><\/div><\/div><\/section><section id=\"bt_section69f299bcd93c6\"  class=\"boldSection gutter\" ><div class=\"port\"><div class=\"boldCell\"><div class=\"boldCellInner\"><div class=\"boldRow \" ><div class=\"boldRowInner\"><div class=\"rowItem col-md-6 col-sm-12 btTextLeft\"  data-width=\"6\"><div class=\"rowItemContent\" ><div class=\"btTabs tabsVertical\"><ul class=\"tabsHeader\"><li><span>Marketing and Distribution<\/span><\/li><\/ul><div class=\"tabPanes accordionPanes\"><div class=\"tabPane\">\r\n\t\t\t<div class=\"tabAccordionTitle\"><span>Marketing and Distribution<\/span><\/div>\r\n\t\t\t<div class=\"tabAccordionContent\"><div class=\"btText\" ><\/p>\n<ul>\n<li>Marketing Analysis, Study and Forecast Strategic Marketing Plans<\/li>\n<li>Development of Marketing Concepts and Strategies Marketing Communications<\/li>\n<li>Marketing Management and Finances Innovation and Diversification Marketing<\/li>\n<li>Product Management, Product Array Optimization Distribution Planning and Direction<\/li>\n<li>Organization and Development of Distribution Channels Sales Seminars<\/li>\n<li>Implementation of Order Fulfillment Structures\/Contractors Franchising Concepts<\/li>\n<li>Branch Location and Politics Selection Analyses Brand Politics<\/li>\n<li>Pricing and Terms Politics Licensing Politics<\/li>\n<li>Patents Usage<\/li>\n<li>Market DevelopmentExport Consulting, Consulting for Foreign Markets<\/li>\n<li>Consulting in the Development of Domestic and Foreign Cooperation<\/li>\n<\/ul>\n<p>\n<\/div><\/div>\r\n\t\t<\/div><\/div><\/div><\/div><\/div><div class=\"rowItem col-md-6 col-sm-12 btTextLeft\"  data-width=\"6\"><div class=\"rowItemContent\" ><div class=\"btTabs tabsVertical\"><ul class=\"tabsHeader\"><li><span>Business Structures<\/span><\/li><\/ul><div class=\"tabPanes accordionPanes\"><div class=\"tabPane\">\r\n\t\t\t<div class=\"tabAccordionTitle\"><span>Business Structures<\/span><\/div>\r\n\t\t\t<div class=\"tabAccordionContent\"><div class=\"btText\" ><\/p>\n<ul>\n<li>Blueprint of the Business (Design of the Start-Up Organization) Process Management (Design of the Operational Organization) Information Management<\/li>\n<li>Specification, Selection and Implementation of Information Systems Systematic Structural Development<\/li>\n<li>Corporate Communications<\/li>\n<li>Documentation Flow, Archiving and Data Management Office Space Planning and Work Station Design<\/li>\n<li>Consulting in Hands-on Work Related Issues<\/li>\n<\/ul>\n<p>\n<\/div><\/div>\r\n\t\t<\/div><\/div><\/div><\/div><\/div><\/div><\/div><\/div><\/div><\/div><\/section><section id=\"bt_section69f299bcd9601\"  class=\"boldSection gutter\" ><div class=\"port\"><div class=\"boldCell\"><div class=\"boldCellInner\"><div class=\"boldRow \" ><div class=\"boldRowInner\"><div class=\"rowItem col-md-6 col-sm-12 btTextLeft\"  data-width=\"6\"><div class=\"rowItemContent\" ><div class=\"btTabs tabsVertical\"><ul class=\"tabsHeader\"><li><span>Investments<\/span><\/li><\/ul><div class=\"tabPanes accordionPanes\"><div class=\"tabPane\">\r\n\t\t\t<div class=\"tabAccordionTitle\"><span>Investments<\/span><\/div>\r\n\t\t\t<div class=\"tabAccordionContent\"><div class=\"btText\" ><\/p>\n<ul>\n<li>Citizenship by Investment<\/li>\n<li>Investments within the European Union<\/li>\n<li>Real Estate Flipping Consulting<\/li>\n<li>Real Estate Developing Consulting<\/li>\n<\/ul>\n<p>\n<\/div><\/div>\r\n\t\t<\/div><\/div><\/div><\/div><\/div><div class=\"rowItem col-md-6 col-sm-12 btTextLeft\"  data-width=\"6\"><div class=\"rowItemContent\" ><\/div><\/div><\/div><\/div><\/div><\/div><\/div><\/section>\n","protected":false},"excerpt":{"rendered":"<p>We drive change by guiding business ideas to success.<\/p>\n","protected":false},"author":1,"featured_media":2864,"parent":0,"menu_order":0,"comment_status":"closed","ping_status":"closed","template":"","meta":{"footnotes":""},"class_list":["post-2787","page","type-page","status-publish","has-post-thumbnail","hentry"],"yoast_head":"<!-- This site is optimized with the Yoast SEO plugin v25.4 - https:\/\/yoast.com\/wordpress\/plugins\/seo\/ -->\n<title>Our Services<\/title>\n<meta name=\"description\" content=\"Our consulting services focus on our clients&#039; most critical issues and opportunities: strategy, marketing, organization, operations, technology, digital,etc\" \/>\n<meta name=\"robots\" content=\"index, follow, max-snippet:-1, max-image-preview:large, max-video-preview:-1\" \/>\n<link rel=\"canonical\" href=\"https:\/\/mainstageconsulting.com\/de\/dienstleistungen\/\" \/>\n<meta property=\"og:locale\" content=\"de_DE\" \/>\n<meta property=\"og:type\" content=\"article\" \/>\n<meta property=\"og:title\" content=\"Our Services\" \/>\n<meta property=\"og:description\" content=\"Our consulting services focus on our clients&#039; most critical issues and opportunities: strategy, marketing, organization, operations, technology, digital,etc\" \/>\n<meta property=\"og:url\" content=\"https:\/\/mainstageconsulting.com\/de\/dienstleistungen\/\" \/>\n<meta property=\"article:modified_time\" content=\"2020-04-08T12:01:04+00:00\" \/>\n<meta property=\"og:image\" content=\"https:\/\/mainstageconsulting.com\/wp-content\/uploads\/2017\/12\/architecture-2256489_19201.jpg\" \/>\n\t<meta property=\"og:image:width\" content=\"1920\" \/>\n\t<meta property=\"og:image:height\" content=\"1280\" \/>\n\t<meta property=\"og:image:type\" content=\"image\/jpeg\" \/>\n<meta name=\"twitter:card\" content=\"summary_large_image\" \/>\n<meta name=\"twitter:label1\" content=\"Gesch\u00e4tzte Lesezeit\" \/>\n\t<meta name=\"twitter:data1\" content=\"4\u00a0Minuten\" \/>\n<script type=\"application\/ld+json\" class=\"yoast-schema-graph\">{\"@context\":\"https:\/\/schema.org\",\"@graph\":[{\"@type\":\"WebPage\",\"@id\":\"https:\/\/mainstageconsulting.com\/de\/dienstleistungen\/\",\"url\":\"https:\/\/mainstageconsulting.com\/de\/dienstleistungen\/\",\"name\":\"Our Services\",\"isPartOf\":{\"@id\":\"https:\/\/mainstageconsulting.com\/#website\"},\"primaryImageOfPage\":{\"@id\":\"https:\/\/mainstageconsulting.com\/de\/dienstleistungen\/#primaryimage\"},\"image\":{\"@id\":\"https:\/\/mainstageconsulting.com\/de\/dienstleistungen\/#primaryimage\"},\"thumbnailUrl\":\"https:\/\/mainstageconsulting.com\/wp-content\/uploads\/2017\/12\/architecture-2256489_19201.jpg\",\"datePublished\":\"2016-07-12T10:12:22+00:00\",\"dateModified\":\"2020-04-08T12:01:04+00:00\",\"description\":\"Our consulting services focus on our clients' most critical issues and opportunities: strategy, marketing, organization, operations, technology, digital,etc\",\"breadcrumb\":{\"@id\":\"https:\/\/mainstageconsulting.com\/de\/dienstleistungen\/#breadcrumb\"},\"inLanguage\":\"de\",\"potentialAction\":[{\"@type\":\"ReadAction\",\"target\":[\"https:\/\/mainstageconsulting.com\/de\/dienstleistungen\/\"]}]},{\"@type\":\"ImageObject\",\"inLanguage\":\"de\",\"@id\":\"https:\/\/mainstageconsulting.com\/de\/dienstleistungen\/#primaryimage\",\"url\":\"https:\/\/mainstageconsulting.com\/wp-content\/uploads\/2017\/12\/architecture-2256489_19201.jpg\",\"contentUrl\":\"https:\/\/mainstageconsulting.com\/wp-content\/uploads\/2017\/12\/architecture-2256489_19201.jpg\",\"width\":1920,\"height\":1280},{\"@type\":\"BreadcrumbList\",\"@id\":\"https:\/\/mainstageconsulting.com\/de\/dienstleistungen\/#breadcrumb\",\"itemListElement\":[{\"@type\":\"ListItem\",\"position\":1,\"name\":\"Home\",\"item\":\"https:\/\/mainstageconsulting.com\/de\/\"},{\"@type\":\"ListItem\",\"position\":2,\"name\":\"Dienstleistungen\"}]},{\"@type\":\"WebSite\",\"@id\":\"https:\/\/mainstageconsulting.com\/#website\",\"url\":\"https:\/\/mainstageconsulting.com\/\",\"name\":\"\",\"description\":\"\",\"potentialAction\":[{\"@type\":\"SearchAction\",\"target\":{\"@type\":\"EntryPoint\",\"urlTemplate\":\"https:\/\/mainstageconsulting.com\/?s={search_term_string}\"},\"query-input\":{\"@type\":\"PropertyValueSpecification\",\"valueRequired\":true,\"valueName\":\"search_term_string\"}}],\"inLanguage\":\"de\"}]}<\/script>\n<!-- \/ Yoast SEO plugin. -->","yoast_head_json":{"title":"Our Services","description":"Our consulting services focus on our clients' most critical issues and opportunities: strategy, marketing, organization, operations, technology, digital,etc","robots":{"index":"index","follow":"follow","max-snippet":"max-snippet:-1","max-image-preview":"max-image-preview:large","max-video-preview":"max-video-preview:-1"},"canonical":"https:\/\/mainstageconsulting.com\/de\/dienstleistungen\/","og_locale":"de_DE","og_type":"article","og_title":"Our Services","og_description":"Our consulting services focus on our clients' most critical issues and opportunities: strategy, marketing, organization, operations, technology, digital,etc","og_url":"https:\/\/mainstageconsulting.com\/de\/dienstleistungen\/","article_modified_time":"2020-04-08T12:01:04+00:00","og_image":[{"width":1920,"height":1280,"url":"https:\/\/mainstageconsulting.com\/wp-content\/uploads\/2017\/12\/architecture-2256489_19201.jpg","type":"image\/jpeg"}],"twitter_card":"summary_large_image","twitter_misc":{"Gesch\u00e4tzte Lesezeit":"4\u00a0Minuten"},"schema":{"@context":"https:\/\/schema.org","@graph":[{"@type":"WebPage","@id":"https:\/\/mainstageconsulting.com\/de\/dienstleistungen\/","url":"https:\/\/mainstageconsulting.com\/de\/dienstleistungen\/","name":"Our Services","isPartOf":{"@id":"https:\/\/mainstageconsulting.com\/#website"},"primaryImageOfPage":{"@id":"https:\/\/mainstageconsulting.com\/de\/dienstleistungen\/#primaryimage"},"image":{"@id":"https:\/\/mainstageconsulting.com\/de\/dienstleistungen\/#primaryimage"},"thumbnailUrl":"https:\/\/mainstageconsulting.com\/wp-content\/uploads\/2017\/12\/architecture-2256489_19201.jpg","datePublished":"2016-07-12T10:12:22+00:00","dateModified":"2020-04-08T12:01:04+00:00","description":"Our consulting services focus on our clients' most critical issues and opportunities: strategy, marketing, organization, operations, technology, digital,etc","breadcrumb":{"@id":"https:\/\/mainstageconsulting.com\/de\/dienstleistungen\/#breadcrumb"},"inLanguage":"de","potentialAction":[{"@type":"ReadAction","target":["https:\/\/mainstageconsulting.com\/de\/dienstleistungen\/"]}]},{"@type":"ImageObject","inLanguage":"de","@id":"https:\/\/mainstageconsulting.com\/de\/dienstleistungen\/#primaryimage","url":"https:\/\/mainstageconsulting.com\/wp-content\/uploads\/2017\/12\/architecture-2256489_19201.jpg","contentUrl":"https:\/\/mainstageconsulting.com\/wp-content\/uploads\/2017\/12\/architecture-2256489_19201.jpg","width":1920,"height":1280},{"@type":"BreadcrumbList","@id":"https:\/\/mainstageconsulting.com\/de\/dienstleistungen\/#breadcrumb","itemListElement":[{"@type":"ListItem","position":1,"name":"Home","item":"https:\/\/mainstageconsulting.com\/de\/"},{"@type":"ListItem","position":2,"name":"Dienstleistungen"}]},{"@type":"WebSite","@id":"https:\/\/mainstageconsulting.com\/#website","url":"https:\/\/mainstageconsulting.com\/","name":"","description":"","potentialAction":[{"@type":"SearchAction","target":{"@type":"EntryPoint","urlTemplate":"https:\/\/mainstageconsulting.com\/?s={search_term_string}"},"query-input":{"@type":"PropertyValueSpecification","valueRequired":true,"valueName":"search_term_string"}}],"inLanguage":"de"}]}},"_links":{"self":[{"href":"https:\/\/mainstageconsulting.com\/de\/wp-json\/wp\/v2\/pages\/2787","targetHints":{"allow":["GET"]}}],"collection":[{"href":"https:\/\/mainstageconsulting.com\/de\/wp-json\/wp\/v2\/pages"}],"about":[{"href":"https:\/\/mainstageconsulting.com\/de\/wp-json\/wp\/v2\/types\/page"}],"author":[{"embeddable":true,"href":"https:\/\/mainstageconsulting.com\/de\/wp-json\/wp\/v2\/users\/1"}],"replies":[{"embeddable":true,"href":"https:\/\/mainstageconsulting.com\/de\/wp-json\/wp\/v2\/comments?post=2787"}],"version-history":[{"count":12,"href":"https:\/\/mainstageconsulting.com\/de\/wp-json\/wp\/v2\/pages\/2787\/revisions"}],"predecessor-version":[{"id":3606,"href":"https:\/\/mainstageconsulting.com\/de\/wp-json\/wp\/v2\/pages\/2787\/revisions\/3606"}],"wp:featuredmedia":[{"embeddable":true,"href":"https:\/\/mainstageconsulting.com\/de\/wp-json\/wp\/v2\/media\/2864"}],"wp:attachment":[{"href":"https:\/\/mainstageconsulting.com\/de\/wp-json\/wp\/v2\/media?parent=2787"}],"curies":[{"name":"wp","href":"https:\/\/api.w.org\/{rel}","templated":true}]}}