{"id":2788,"date":"2017-11-06T14:40:36","date_gmt":"2017-11-06T14:40:36","guid":{"rendered":"http:\/\/www.mainstageconsulting.com\/stefano\/"},"modified":"2025-03-09T15:28:54","modified_gmt":"2025-03-09T15:28:54","slug":"stefano","status":"publish","type":"page","link":"https:\/\/mainstageconsulting.com\/de\/stefano\/","title":{"rendered":"Stefano Endrizzi"},"content":{"rendered":"<section id=\"bt_section69f27272b550c\"  class=\"boldSection topSpaced bottomSemiSpaced btLightSkin gutter inherit\" ><div class=\"port\"><div class=\"boldCell\"><div class=\"boldCellInner\"><div class=\"boldRow \" ><div class=\"boldRowInner\"><div class=\"rowItem col-md-9 col-ms-12  btTextLeft inherit\"  data-width=\"9\"><div class=\"rowItemContent\" ><header class=\"header btClear small\" ><div class=\"btSuperTitle\"><span>GR\u00dcNDER<\/span><\/div><\/header><header class=\"header btClear large\" ><div class=\"dash\"><h2><span class=\"headline\">Stefano Endrizzi, MBA, MSc<\/span><\/h2><\/div><div class=\"btSubTitle\">Stefano hat MainStage Consulting gegr\u00fcndet, um bestehenden Gesch\u00e4ftseigent\u00fcmern bei der L\u00f6sung kritischer Probleme zu helfen. Stefano ist als akkreditierter Senior Unternehmensberater in \u00d6sterreich t\u00e4tig und betreute bereits eine Reihe von internationalen Kunden, von kleinen Unternehmen bis hin zu multinationalen Konzernen und Institutionen.<\/div><\/header><div class=\"btClear btSeparator bottomSemiSpaced noBorder\" ><hr><\/div><\/div><\/div><div class=\"rowItem col-md-3 col-sm-6 col-ms-12 btTextLeft inherit btTextIndent\"  data-width=\"3\"><div class=\"rowItemContent\" ><header class=\"header btClear small\" ><div class=\"btSuperTitle\"><span>KONTAKTIEREN SIE MICH<\/span><\/div><\/header><div class=\"btClear btSeparator bottomExtraSmallSpaced noBorder\" ><hr><\/div><a href=\"mailto:stefano@mainstageconsulting.com\" class=\"btBtn btBtn btnOutlineStyle btnNormalColor btnSmall btnNormalWidth btnRightPosition btnNoIcon\" ><span class=\"btnInnerText\">Email<\/span><\/a><div class=\"btClear btSeparator topSmallSpaced bottomSmallSpaced noBorder\" ><hr><\/div><div class=\"btClear btSeparator bottomSmallSpaced noBorder\" ><hr><\/div><header class=\"header btClear small\" ><div class=\"btSuperTitle\"><span>WOHNORT<\/span><\/div><div class=\"dash\"><h4><span class=\"headline\">Wien, \u00d6sterreich<\/span><\/h4><\/div><\/header><div class=\"btClear btSeparator bottomSemiSpaced noBorder\" ><hr><\/div><\/div><\/div><\/div><\/div><div class=\"boldRow \" ><div class=\"boldRowInner\"><div class=\"rowItem col-md-6 col-sm-12 btTextLeft inherit\"  data-width=\"6\"><div class=\"rowItemContent\" ><header class=\"header btClear medium\" ><div class=\"dash\"><h3><span class=\"headline\">Ausbildung<\/span><\/h3><\/div><\/header><div class=\"btClear btSeparator bottomSmallSpaced noBorder\" ><hr><\/div><div class=\"btText\" ><\/p>\n<p>Stefano ist ein strategischer Berater f\u00fcr Unternehmen, Investoren und Institutionen mit langj\u00e4hriger internationaler Erfahrung.<\/p>\n<p><span id=\"result_box\" class=\"\" lang=\"de\" tabindex=\"-1\">Stefano studierte Rechtswissenschaften und studierte sp\u00e4ter an der Lord Ashcroft International Business School (LAIBS), der Business School der Anglia Ruskin University in Cambridge und Chelmsford, Gro\u00dfbritannien.<\/span><\/p>\n<p>Er studierte Rechtswissenschaften und schrieb sich sp\u00e4ter an der Lord Ashcroft International Business School (LAIBS) ein, der Business School der Anglia Ruskin University in Cambridge, Gro\u00dfbritannien. Stefano verf\u00fcgt \u00fcber einen Master-Abschluss in Betriebswirtschaft (MBA), ein Master-Abschluss in Accounting und Finance (MSc) von der University of Gloucestershire ein Postgraduierten-Diplom in Rechnungswesen und Finanzen sowie ein Postgraduated Diplom in Gesch\u00e4ftsstrategie von der ABE (Association of Business Practitioners London, UK) und ein Executive Diploma in Mergers And Acquisitions vom Imperial College Business Schule, London, Gro\u00dfbritannien und viele Zertifizierungen in den Bereichen Corporate Finance, Unternehmensfinanzierung, Verm\u00f6gensverwaltung, Gesch\u00e4fts- und Projektentwicklung.<\/p>\n<p><span id=\"result_box\" class=\"\" lang=\"de\" tabindex=\"-1\">Die Vielfalt seines Hintergrunds und seiner Erfahrung beruht auf den vielen nachgewiesenen Erfolgen bei seiner Beratert\u00e4tigkeit in mehreren Branchen.<\/span><\/p>\n<p>Stefano genie\u00dft es, zu managen und erh\u00e4lt st\u00e4ndig gute R\u00fcckmeldungen aus den Beziehungen der vergangenen Jahre. Aber f\u00fcr ihn ist das L\u00f6sen von Problemen lohnender als die Anerkennung.<\/p>\n<div id=\"s3gt_translate_tooltip_mini\" class=\"s3gt_translate_tooltip_mini_box\" style=\"background: initial !important; border: initial !important; border-radius: initial !important; border-spacing: initial !important; border-collapse: initial !important; direction: ltr !important; flex-direction: initial !important; font-weight: initial !important; height: initial !important; letter-spacing: initial !important; min-width: initial !important; max-width: initial !important; min-height: initial !important; max-height: initial !important; margin: auto !important; outline: initial !important; padding: initial !important; position: absolute; table-layout: initial !important; text-align: initial !important; text-shadow: initial !important; width: initial !important; word-break: initial !important; word-spacing: initial !important; overflow-wrap: initial !important; box-sizing: initial !important; display: initial !important; color: inherit !important; font-size: 13px !important; font-family: X-LocaleSpecific, sans-serif, Tahoma, Helvetica !important; line-height: 13px !important; vertical-align: top !important; white-space: inherit !important; left: 407px; top: 141px; opacity: 0.5;\">\n<div id=\"s3gt_translate_tooltip_mini_logo\" class=\"s3gt_translate_tooltip_mini\" title=\"Translate selected text\"><\/div>\n<div id=\"s3gt_translate_tooltip_mini_sound\" class=\"s3gt_translate_tooltip_mini\" title=\"Play\"><\/div>\n<div id=\"s3gt_translate_tooltip_mini_copy\" class=\"s3gt_translate_tooltip_mini\" title=\"Copy text to Clipboard\"><\/div>\n<\/div>\n<p>\n<\/div><\/div><\/div><div class=\"rowItem col-md-6 col-sm-12 btTextLeft inherit\"  data-width=\"6\"><div class=\"rowItemContent\" ><header class=\"header btClear medium customtableown\" ><div class=\"dash\"><h3><span class=\"headline\">Spezialgebiete<\/span><\/h3><\/div><\/header><div class=\"btClear btSeparator bottomSmallSpaced noBorder\" ><hr><\/div><div class=\"btText\" ><\/p>\n<table class=\"customtableown\" style=\"border-color: #ffffff;\" border=\"0\">\n<tbody>\n<tr>\n<td>Management Consulting<br \/>\nM&amp;A Advisory<br \/>\nCorporate Finance<br \/>\nProjektmanagement<br \/>\nUnternehmensberatung<br \/>\nM&amp;A Advisor<br \/>\nMergers &amp; Acquisitions<br \/>\nDue Diligence<br \/>\nProduktentwicklung<br \/>\nBusiness Development<br \/>\nBusiness planing &amp; sales strategy development<br \/>\nVenture Capital<br \/>\nExit-Strategien<br \/>\nCoaching<\/td>\n<td>Investments<br \/>\nE-Business Entwicklung<br \/>\nE-Business Beratung<br \/>\nDigitales Marketing<br \/>\nMarkenentwicklung<br \/>\nStrategic Business Planning<br \/>\nStrategic Resource Management<br \/>\nImmobilien<br \/>\nImport \/ Export aus China<br \/>\nStaatsb\u00fcrgerschaft durch Investitionen<\/td>\n<\/tr>\n<\/tbody>\n<\/table>\n<p>\n<\/div><div class=\"btClear btSeparator topSmallSpaced bottomSmallSpaced noBorder\" ><hr><\/div><header class=\"header btClear medium\" ><div class=\"dash\"><h3><span class=\"headline\">Accreditierung<\/span><\/h3><\/div><\/header><div class=\"btClear btSeparator bottomSmallSpaced noBorder\" ><hr><\/div><div class=\"btText\" ><\/p>\n<p>Wirtschaftskammer \u00d6sterreich, Wien, \u00d6sterreich: Nr. 0780197<\/p>\n<p><img decoding=\"async\" class=\"alignnone wp-image-3855\" src=\"https:\/\/mainstageconsulting.com\/wp-content\/uploads\/2024\/03\/Logo-AT-1.jpg\" alt=\"\" width=\"266\" height=\"49\" srcset=\"https:\/\/mainstageconsulting.com\/wp-content\/uploads\/2024\/03\/Logo-AT-1.jpg 569w, https:\/\/mainstageconsulting.com\/wp-content\/uploads\/2024\/03\/Logo-AT-1-320x59.jpg 320w\" sizes=\"(max-width: 266px) 100vw, 266px\" \/><\/p>\n<p>\n<\/div><header class=\"header btClear medium\" ><div class=\"dash\"><h3><span class=\"headline\">Sprachen<\/span><\/h3><\/div><\/header><div class=\"btClear btSeparator bottomSmallSpaced noBorder\" ><hr><\/div><div class=\"btText\" ><\/p>\n<div class=\"flagscustom\"><img decoding=\"async\" class=\"alignnone wp-image-3405\" src=\"http:\/\/www.mainstageconsulting.com\/wp-content\/uploads\/2019\/03\/Germany-Flag.png\" alt=\"\" width=\"15\" height=\"15\" \/> <img decoding=\"async\" class=\"alignnone wp-image-3417\" src=\"http:\/\/www.mainstageconsulting.com\/wp-content\/uploads\/2019\/03\/United-Kingdom-Flag.png\" alt=\"\" width=\"15\" height=\"15\" \/> <img decoding=\"async\" class=\"alignnone wp-image-3411\" src=\"http:\/\/www.mainstageconsulting.com\/wp-content\/uploads\/2019\/03\/Italy-Flag.png\" alt=\"\" width=\"15\" height=\"15\" \/><\/div>\n<p>\n<\/div><\/div><\/div><\/div><\/div><div class=\"boldRow \" ><div class=\"boldRowInner\"><\/div><\/div><div class=\"boldRow \" ><div class=\"boldRowInner\"><\/div><\/div><div class=\"boldRow \" ><div class=\"boldRowInner\"><\/div><\/div><div class=\"boldRow \" ><div class=\"boldRowInner\"><\/div><\/div><div class=\"boldRow \" ><div class=\"boldRowInner\"><\/div><\/div><\/div><\/div><\/div><\/section>\n","protected":false},"excerpt":{"rendered":"GR\u00dcNDERStefano Endrizzi, MBA, MScStefano hat MainStage Consulting gegr\u00fcndet, um bestehenden Gesch\u00e4ftseigent\u00fcmern bei der L\u00f6sung kritischer Probleme zu helfen. Stefano ist als akkreditierter Senior Unternehmensberater in \u00d6sterreich t\u00e4tig und betreute bereits eine Reihe von internationalen Kunden, von kleinen Unternehmen bis hin zu multinationalen Konzernen und Institutionen.KONTAKTIEREN SIE MICHEmailWOHNORTWien, \u00d6sterreichAusbildungStefano ist ein strategischer Berater f\u00fcr Unternehmen, Investoren [...]","protected":false},"author":1,"featured_media":2951,"parent":0,"menu_order":0,"comment_status":"closed","ping_status":"closed","template":"","meta":{"footnotes":""},"class_list":["post-2788","page","type-page","status-publish","has-post-thumbnail","hentry"],"yoast_head":"<!-- This site is optimized with the Yoast SEO plugin v25.4 - https:\/\/yoast.com\/wordpress\/plugins\/seo\/ -->\n<title>Stefano Endrizzi | Strategische Unternehmensberater f\u00fcr Unternehmen, Investoren und Institutionen<\/title>\n<meta name=\"description\" content=\"Stefano ist ein strategischer Berater f\u00fcr Unternehmen, Investoren und Institutionen mit langj\u00e4hriger internationaler Erfahrung.\" \/>\n<meta name=\"robots\" content=\"index, follow, max-snippet:-1, max-image-preview:large, max-video-preview:-1\" \/>\n<link rel=\"canonical\" href=\"https:\/\/mainstageconsulting.com\/de\/stefano\/\" \/>\n<meta property=\"og:locale\" content=\"de_DE\" \/>\n<meta property=\"og:type\" content=\"article\" \/>\n<meta property=\"og:title\" content=\"Stefano Endrizzi | Strategische Unternehmensberater f\u00fcr Unternehmen, Investoren und Institutionen\" \/>\n<meta property=\"og:description\" content=\"Stefano ist ein strategischer Berater f\u00fcr Unternehmen, Investoren und Institutionen mit langj\u00e4hriger internationaler Erfahrung.\" \/>\n<meta property=\"og:url\" content=\"https:\/\/mainstageconsulting.com\/de\/stefano\/\" \/>\n<meta property=\"article:modified_time\" content=\"2025-03-09T15:28:54+00:00\" \/>\n<meta property=\"og:image\" content=\"https:\/\/mainstageconsulting.com\/wp-content\/uploads\/2017\/12\/vienna-1767494_1920.jpg\" \/>\n\t<meta property=\"og:image:width\" content=\"1920\" \/>\n\t<meta property=\"og:image:height\" content=\"1390\" \/>\n\t<meta property=\"og:image:type\" content=\"image\/jpeg\" \/>\n<meta name=\"twitter:card\" content=\"summary_large_image\" \/>\n<meta name=\"twitter:label1\" content=\"Gesch\u00e4tzte Lesezeit\" \/>\n\t<meta name=\"twitter:data1\" content=\"3\u00a0Minuten\" \/>\n<script type=\"application\/ld+json\" class=\"yoast-schema-graph\">{\"@context\":\"https:\/\/schema.org\",\"@graph\":[{\"@type\":\"WebPage\",\"@id\":\"https:\/\/mainstageconsulting.com\/de\/stefano\/\",\"url\":\"https:\/\/mainstageconsulting.com\/de\/stefano\/\",\"name\":\"Stefano Endrizzi | Strategische Unternehmensberater f\u00fcr Unternehmen, Investoren und Institutionen\",\"isPartOf\":{\"@id\":\"https:\/\/mainstageconsulting.com\/#website\"},\"primaryImageOfPage\":{\"@id\":\"https:\/\/mainstageconsulting.com\/de\/stefano\/#primaryimage\"},\"image\":{\"@id\":\"https:\/\/mainstageconsulting.com\/de\/stefano\/#primaryimage\"},\"thumbnailUrl\":\"https:\/\/mainstageconsulting.com\/wp-content\/uploads\/2017\/12\/vienna-1767494_1920.jpg\",\"datePublished\":\"2017-11-06T14:40:36+00:00\",\"dateModified\":\"2025-03-09T15:28:54+00:00\",\"description\":\"Stefano ist ein strategischer Berater f\u00fcr Unternehmen, Investoren und Institutionen mit langj\u00e4hriger internationaler Erfahrung.\",\"breadcrumb\":{\"@id\":\"https:\/\/mainstageconsulting.com\/de\/stefano\/#breadcrumb\"},\"inLanguage\":\"de\",\"potentialAction\":[{\"@type\":\"ReadAction\",\"target\":[\"https:\/\/mainstageconsulting.com\/de\/stefano\/\"]}]},{\"@type\":\"ImageObject\",\"inLanguage\":\"de\",\"@id\":\"https:\/\/mainstageconsulting.com\/de\/stefano\/#primaryimage\",\"url\":\"https:\/\/mainstageconsulting.com\/wp-content\/uploads\/2017\/12\/vienna-1767494_1920.jpg\",\"contentUrl\":\"https:\/\/mainstageconsulting.com\/wp-content\/uploads\/2017\/12\/vienna-1767494_1920.jpg\",\"width\":1920,\"height\":1390},{\"@type\":\"BreadcrumbList\",\"@id\":\"https:\/\/mainstageconsulting.com\/de\/stefano\/#breadcrumb\",\"itemListElement\":[{\"@type\":\"ListItem\",\"position\":1,\"name\":\"Home\",\"item\":\"https:\/\/mainstageconsulting.com\/de\/\"},{\"@type\":\"ListItem\",\"position\":2,\"name\":\"Stefano Endrizzi\"}]},{\"@type\":\"WebSite\",\"@id\":\"https:\/\/mainstageconsulting.com\/#website\",\"url\":\"https:\/\/mainstageconsulting.com\/\",\"name\":\"\",\"description\":\"\",\"potentialAction\":[{\"@type\":\"SearchAction\",\"target\":{\"@type\":\"EntryPoint\",\"urlTemplate\":\"https:\/\/mainstageconsulting.com\/?s={search_term_string}\"},\"query-input\":{\"@type\":\"PropertyValueSpecification\",\"valueRequired\":true,\"valueName\":\"search_term_string\"}}],\"inLanguage\":\"de\"}]}<\/script>\n<!-- \/ Yoast SEO plugin. -->","yoast_head_json":{"title":"Stefano Endrizzi | Strategische Unternehmensberater f\u00fcr Unternehmen, Investoren und Institutionen","description":"Stefano ist ein strategischer Berater f\u00fcr Unternehmen, Investoren und Institutionen mit langj\u00e4hriger internationaler Erfahrung.","robots":{"index":"index","follow":"follow","max-snippet":"max-snippet:-1","max-image-preview":"max-image-preview:large","max-video-preview":"max-video-preview:-1"},"canonical":"https:\/\/mainstageconsulting.com\/de\/stefano\/","og_locale":"de_DE","og_type":"article","og_title":"Stefano Endrizzi | Strategische Unternehmensberater f\u00fcr Unternehmen, Investoren und Institutionen","og_description":"Stefano ist ein strategischer Berater f\u00fcr Unternehmen, Investoren und Institutionen mit langj\u00e4hriger internationaler Erfahrung.","og_url":"https:\/\/mainstageconsulting.com\/de\/stefano\/","article_modified_time":"2025-03-09T15:28:54+00:00","og_image":[{"width":1920,"height":1390,"url":"https:\/\/mainstageconsulting.com\/wp-content\/uploads\/2017\/12\/vienna-1767494_1920.jpg","type":"image\/jpeg"}],"twitter_card":"summary_large_image","twitter_misc":{"Gesch\u00e4tzte Lesezeit":"3\u00a0Minuten"},"schema":{"@context":"https:\/\/schema.org","@graph":[{"@type":"WebPage","@id":"https:\/\/mainstageconsulting.com\/de\/stefano\/","url":"https:\/\/mainstageconsulting.com\/de\/stefano\/","name":"Stefano Endrizzi | Strategische Unternehmensberater f\u00fcr Unternehmen, Investoren und Institutionen","isPartOf":{"@id":"https:\/\/mainstageconsulting.com\/#website"},"primaryImageOfPage":{"@id":"https:\/\/mainstageconsulting.com\/de\/stefano\/#primaryimage"},"image":{"@id":"https:\/\/mainstageconsulting.com\/de\/stefano\/#primaryimage"},"thumbnailUrl":"https:\/\/mainstageconsulting.com\/wp-content\/uploads\/2017\/12\/vienna-1767494_1920.jpg","datePublished":"2017-11-06T14:40:36+00:00","dateModified":"2025-03-09T15:28:54+00:00","description":"Stefano ist ein strategischer Berater f\u00fcr Unternehmen, Investoren und Institutionen mit langj\u00e4hriger internationaler Erfahrung.","breadcrumb":{"@id":"https:\/\/mainstageconsulting.com\/de\/stefano\/#breadcrumb"},"inLanguage":"de","potentialAction":[{"@type":"ReadAction","target":["https:\/\/mainstageconsulting.com\/de\/stefano\/"]}]},{"@type":"ImageObject","inLanguage":"de","@id":"https:\/\/mainstageconsulting.com\/de\/stefano\/#primaryimage","url":"https:\/\/mainstageconsulting.com\/wp-content\/uploads\/2017\/12\/vienna-1767494_1920.jpg","contentUrl":"https:\/\/mainstageconsulting.com\/wp-content\/uploads\/2017\/12\/vienna-1767494_1920.jpg","width":1920,"height":1390},{"@type":"BreadcrumbList","@id":"https:\/\/mainstageconsulting.com\/de\/stefano\/#breadcrumb","itemListElement":[{"@type":"ListItem","position":1,"name":"Home","item":"https:\/\/mainstageconsulting.com\/de\/"},{"@type":"ListItem","position":2,"name":"Stefano Endrizzi"}]},{"@type":"WebSite","@id":"https:\/\/mainstageconsulting.com\/#website","url":"https:\/\/mainstageconsulting.com\/","name":"","description":"","potentialAction":[{"@type":"SearchAction","target":{"@type":"EntryPoint","urlTemplate":"https:\/\/mainstageconsulting.com\/?s={search_term_string}"},"query-input":{"@type":"PropertyValueSpecification","valueRequired":true,"valueName":"search_term_string"}}],"inLanguage":"de"}]}},"_links":{"self":[{"href":"https:\/\/mainstageconsulting.com\/de\/wp-json\/wp\/v2\/pages\/2788","targetHints":{"allow":["GET"]}}],"collection":[{"href":"https:\/\/mainstageconsulting.com\/de\/wp-json\/wp\/v2\/pages"}],"about":[{"href":"https:\/\/mainstageconsulting.com\/de\/wp-json\/wp\/v2\/types\/page"}],"author":[{"embeddable":true,"href":"https:\/\/mainstageconsulting.com\/de\/wp-json\/wp\/v2\/users\/1"}],"replies":[{"embeddable":true,"href":"https:\/\/mainstageconsulting.com\/de\/wp-json\/wp\/v2\/comments?post=2788"}],"version-history":[{"count":39,"href":"https:\/\/mainstageconsulting.com\/de\/wp-json\/wp\/v2\/pages\/2788\/revisions"}],"predecessor-version":[{"id":3876,"href":"https:\/\/mainstageconsulting.com\/de\/wp-json\/wp\/v2\/pages\/2788\/revisions\/3876"}],"wp:featuredmedia":[{"embeddable":true,"href":"https:\/\/mainstageconsulting.com\/de\/wp-json\/wp\/v2\/media\/2951"}],"wp:attachment":[{"href":"https:\/\/mainstageconsulting.com\/de\/wp-json\/wp\/v2\/media?parent=2788"}],"curies":[{"name":"wp","href":"https:\/\/api.w.org\/{rel}","templated":true}]}}